{"id":641,"date":"2015-11-11T14:46:47","date_gmt":"2015-11-11T14:46:47","guid":{"rendered":"http:\/\/www.pharmaroma.it\/prodotto\/innac-fluido\/"},"modified":"2016-12-22T16:29:35","modified_gmt":"2016-12-22T16:29:35","slug":"innac-fluide","status":"publish","type":"product","link":"https:\/\/www.pharmaroma.it\/fr\/prodotto\/innac-fluide\/","title":{"rendered":"Innac Fluide"},"content":{"rendered":"<h2>Innac Fluide<\/h2>\n<p><strong>Ligne dermatologique\u00e0 base de verbascoside<\/strong> limite et combat les imperfections de la peau en cas d&#8217;acn\u00e9 l\u00e9g\u00e8re ou mod\u00e9r\u00e9e.<\/p>\n<p>Innac Fluide est un traitement quotidien, avec une texture fra\u00eeche et l\u00e9g\u00e8re, con\u00e7u pour les peaux sujettes \u00e0 l&#8217;acn\u00e9 huileuse.Pour l&#8217;ensemble des actifs, qui sont sp\u00e9cifiquement choisis, il exerce une action synergique s\u00e9borrh\u00e9iques, antibact\u00e9rienne, apaisante et k\u00e9ratolytique.<br \/>\nIl r\u00e9duit les manifestations cutan\u00e9es associ\u00e9es \u00e0 l&#8217;acn\u00e9 l\u00e9g\u00e8re \u00e0 mod\u00e9r\u00e9e.<\/p>\n<h2>Mode d&#8217;emploi<\/h2>\n<p>Apr\u00e8s le nettoyage, appliquez ce produit deux fois par jour, matin et soir, en massant doucement jusqu&#8217;\u00e0 absorption.<\/p>\n<h2>Ingr\u00e9dients INCI (CTFA)<\/h2>\n<p>Aqua, l&#8217;alcool isopropylique, extrait Verbena officinalis, Gluconolactone, acide glycolique, Citryc, l&#8217;acide lactique, l&#8217;acide tartrique, Ethylexylglycerin, ph\u00e9noxy\u00e9thanol, Hydroxyethaylcellulose.<\/p>\n<p><strong>Nickel, plomb, chrome, molybd\u00e8ne test\u00e9s<\/strong><br \/>\n<strong>USAGE EXTERNE<\/strong><br \/>\n<strong>flacon 50ml<\/strong><\/p>\n","protected":false},"excerpt":{"rendered":"<p>Conseill\u00e9 pour l&#8217;hygi\u00e8ne et le soin de la peau soumis \u00e0 des traitements anti-acn\u00e9. Les peaux grasses et acn\u00e9iques.<\/p>\n","protected":false},"featured_media":771,"comment_status":"closed","ping_status":"closed","template":"","meta":[],"product_brand":[],"product_cat":[90],"product_tag":[68,73,69],"class_list":{"0":"post-641","1":"product","2":"type-product","3":"status-publish","4":"has-post-thumbnail","6":"product_cat-ligne-acne","7":"product_tag-igiene-fr","8":"product_tag-antiseborroica-fr","9":"product_tag-verbascoside-fr","11":"first","12":"instock","13":"sale","14":"taxable","15":"shipping-taxable","16":"purchasable","17":"product-type-simple"},"yoast_head":"<!-- This site is optimized with the Yoast SEO plugin v27.0 - https:\/\/yoast.com\/product\/yoast-seo-wordpress\/ -->\n<title>Innac Fluide - PHARMA ROMA 2005<\/title>\n<meta name=\"robots\" content=\"index, follow, max-snippet:-1, max-image-preview:large, max-video-preview:-1\" \/>\n<link rel=\"canonical\" href=\"https:\/\/www.pharmaroma.it\/fr\/prodotto\/innac-fluide\/\" \/>\n<meta property=\"og:locale\" content=\"fr_FR\" \/>\n<meta property=\"og:type\" content=\"article\" \/>\n<meta property=\"og:title\" content=\"Innac Fluide - PHARMA ROMA 2005\" \/>\n<meta property=\"og:description\" content=\"Conseill\u00e9 pour l&#039;hygi\u00e8ne et le soin de la peau soumis \u00e0 des traitements anti-acn\u00e9. Les peaux grasses et acn\u00e9iques.\" \/>\n<meta property=\"og:url\" content=\"https:\/\/www.pharmaroma.it\/fr\/prodotto\/innac-fluide\/\" \/>\n<meta property=\"og:site_name\" content=\"PHARMA ROMA 2005\" \/>\n<meta property=\"article:modified_time\" content=\"2016-12-22T16:29:35+00:00\" \/>\n<meta property=\"og:image\" content=\"https:\/\/www.pharmaroma.it\/wp-content\/uploads\/QK0A0861-copia.jpg\" \/>\n\t<meta property=\"og:image:width\" content=\"1024\" \/>\n\t<meta property=\"og:image:height\" content=\"1024\" \/>\n\t<meta property=\"og:image:type\" content=\"image\/jpeg\" \/>\n<meta name=\"twitter:card\" content=\"summary_large_image\" \/>\n<meta name=\"twitter:label1\" content=\"Dur\u00e9e de lecture estim\u00e9e\" \/>\n\t<meta name=\"twitter:data1\" content=\"1 minute\" \/>\n<script type=\"application\/ld+json\" class=\"yoast-schema-graph\">{\"@context\":\"https:\/\/schema.org\",\"@graph\":[{\"@type\":\"WebPage\",\"@id\":\"https:\/\/www.pharmaroma.it\/fr\/prodotto\/innac-fluide\/\",\"url\":\"https:\/\/www.pharmaroma.it\/fr\/prodotto\/innac-fluide\/\",\"name\":\"Innac Fluide - PHARMA ROMA 2005\",\"isPartOf\":{\"@id\":\"https:\/\/www.pharmaroma.it\/#website\"},\"primaryImageOfPage\":{\"@id\":\"https:\/\/www.pharmaroma.it\/fr\/prodotto\/innac-fluide\/#primaryimage\"},\"image\":{\"@id\":\"https:\/\/www.pharmaroma.it\/fr\/prodotto\/innac-fluide\/#primaryimage\"},\"thumbnailUrl\":\"https:\/\/www.pharmaroma.it\/wp-content\/uploads\/QK0A0861-copia.jpg\",\"datePublished\":\"2015-11-11T14:46:47+00:00\",\"dateModified\":\"2016-12-22T16:29:35+00:00\",\"breadcrumb\":{\"@id\":\"https:\/\/www.pharmaroma.it\/fr\/prodotto\/innac-fluide\/#breadcrumb\"},\"inLanguage\":\"fr-FR\",\"potentialAction\":[{\"@type\":\"ReadAction\",\"target\":[\"https:\/\/www.pharmaroma.it\/fr\/prodotto\/innac-fluide\/\"]}]},{\"@type\":\"ImageObject\",\"inLanguage\":\"fr-FR\",\"@id\":\"https:\/\/www.pharmaroma.it\/fr\/prodotto\/innac-fluide\/#primaryimage\",\"url\":\"https:\/\/www.pharmaroma.it\/wp-content\/uploads\/QK0A0861-copia.jpg\",\"contentUrl\":\"https:\/\/www.pharmaroma.it\/wp-content\/uploads\/QK0A0861-copia.jpg\",\"width\":1024,\"height\":1024},{\"@type\":\"BreadcrumbList\",\"@id\":\"https:\/\/www.pharmaroma.it\/fr\/prodotto\/innac-fluide\/#breadcrumb\",\"itemListElement\":[{\"@type\":\"ListItem\",\"position\":1,\"name\":\"Home\",\"item\":\"https:\/\/www.pharmaroma.it\/fr\/\"},{\"@type\":\"ListItem\",\"position\":2,\"name\":\"Boutique\",\"item\":\"https:\/\/www.pharmaroma.it\/negozio\/\"},{\"@type\":\"ListItem\",\"position\":3,\"name\":\"Innac Fluide\"}]},{\"@type\":\"WebSite\",\"@id\":\"https:\/\/www.pharmaroma.it\/#website\",\"url\":\"https:\/\/www.pharmaroma.it\/\",\"name\":\"PHARMA ROMA 2005\",\"description\":\"Prodotti Dermatologici Roma\",\"potentialAction\":[{\"@type\":\"SearchAction\",\"target\":{\"@type\":\"EntryPoint\",\"urlTemplate\":\"https:\/\/www.pharmaroma.it\/?s={search_term_string}\"},\"query-input\":{\"@type\":\"PropertyValueSpecification\",\"valueRequired\":true,\"valueName\":\"search_term_string\"}}],\"inLanguage\":\"fr-FR\"}]}<\/script>\n<!-- \/ Yoast SEO plugin. -->","yoast_head_json":{"title":"Innac Fluide - PHARMA ROMA 2005","robots":{"index":"index","follow":"follow","max-snippet":"max-snippet:-1","max-image-preview":"max-image-preview:large","max-video-preview":"max-video-preview:-1"},"canonical":"https:\/\/www.pharmaroma.it\/fr\/prodotto\/innac-fluide\/","og_locale":"fr_FR","og_type":"article","og_title":"Innac Fluide - PHARMA ROMA 2005","og_description":"Conseill\u00e9 pour l'hygi\u00e8ne et le soin de la peau soumis \u00e0 des traitements anti-acn\u00e9. Les peaux grasses et acn\u00e9iques.","og_url":"https:\/\/www.pharmaroma.it\/fr\/prodotto\/innac-fluide\/","og_site_name":"PHARMA ROMA 2005","article_modified_time":"2016-12-22T16:29:35+00:00","og_image":[{"width":1024,"height":1024,"url":"https:\/\/www.pharmaroma.it\/wp-content\/uploads\/QK0A0861-copia.jpg","type":"image\/jpeg"}],"twitter_card":"summary_large_image","twitter_misc":{"Dur\u00e9e de lecture estim\u00e9e":"1 minute"},"schema":{"@context":"https:\/\/schema.org","@graph":[{"@type":"WebPage","@id":"https:\/\/www.pharmaroma.it\/fr\/prodotto\/innac-fluide\/","url":"https:\/\/www.pharmaroma.it\/fr\/prodotto\/innac-fluide\/","name":"Innac Fluide - PHARMA ROMA 2005","isPartOf":{"@id":"https:\/\/www.pharmaroma.it\/#website"},"primaryImageOfPage":{"@id":"https:\/\/www.pharmaroma.it\/fr\/prodotto\/innac-fluide\/#primaryimage"},"image":{"@id":"https:\/\/www.pharmaroma.it\/fr\/prodotto\/innac-fluide\/#primaryimage"},"thumbnailUrl":"https:\/\/www.pharmaroma.it\/wp-content\/uploads\/QK0A0861-copia.jpg","datePublished":"2015-11-11T14:46:47+00:00","dateModified":"2016-12-22T16:29:35+00:00","breadcrumb":{"@id":"https:\/\/www.pharmaroma.it\/fr\/prodotto\/innac-fluide\/#breadcrumb"},"inLanguage":"fr-FR","potentialAction":[{"@type":"ReadAction","target":["https:\/\/www.pharmaroma.it\/fr\/prodotto\/innac-fluide\/"]}]},{"@type":"ImageObject","inLanguage":"fr-FR","@id":"https:\/\/www.pharmaroma.it\/fr\/prodotto\/innac-fluide\/#primaryimage","url":"https:\/\/www.pharmaroma.it\/wp-content\/uploads\/QK0A0861-copia.jpg","contentUrl":"https:\/\/www.pharmaroma.it\/wp-content\/uploads\/QK0A0861-copia.jpg","width":1024,"height":1024},{"@type":"BreadcrumbList","@id":"https:\/\/www.pharmaroma.it\/fr\/prodotto\/innac-fluide\/#breadcrumb","itemListElement":[{"@type":"ListItem","position":1,"name":"Home","item":"https:\/\/www.pharmaroma.it\/fr\/"},{"@type":"ListItem","position":2,"name":"Boutique","item":"https:\/\/www.pharmaroma.it\/negozio\/"},{"@type":"ListItem","position":3,"name":"Innac Fluide"}]},{"@type":"WebSite","@id":"https:\/\/www.pharmaroma.it\/#website","url":"https:\/\/www.pharmaroma.it\/","name":"PHARMA ROMA 2005","description":"Prodotti Dermatologici Roma","potentialAction":[{"@type":"SearchAction","target":{"@type":"EntryPoint","urlTemplate":"https:\/\/www.pharmaroma.it\/?s={search_term_string}"},"query-input":{"@type":"PropertyValueSpecification","valueRequired":true,"valueName":"search_term_string"}}],"inLanguage":"fr-FR"}]}},"_links":{"self":[{"href":"https:\/\/www.pharmaroma.it\/fr\/wp-json\/wp\/v2\/product\/641","targetHints":{"allow":["GET"]}}],"collection":[{"href":"https:\/\/www.pharmaroma.it\/fr\/wp-json\/wp\/v2\/product"}],"about":[{"href":"https:\/\/www.pharmaroma.it\/fr\/wp-json\/wp\/v2\/types\/product"}],"replies":[{"embeddable":true,"href":"https:\/\/www.pharmaroma.it\/fr\/wp-json\/wp\/v2\/comments?post=641"}],"wp:featuredmedia":[{"embeddable":true,"href":"https:\/\/www.pharmaroma.it\/fr\/wp-json\/wp\/v2\/media\/771"}],"wp:attachment":[{"href":"https:\/\/www.pharmaroma.it\/fr\/wp-json\/wp\/v2\/media?parent=641"}],"wp:term":[{"taxonomy":"product_brand","embeddable":true,"href":"https:\/\/www.pharmaroma.it\/fr\/wp-json\/wp\/v2\/product_brand?post=641"},{"taxonomy":"product_cat","embeddable":true,"href":"https:\/\/www.pharmaroma.it\/fr\/wp-json\/wp\/v2\/product_cat?post=641"},{"taxonomy":"product_tag","embeddable":true,"href":"https:\/\/www.pharmaroma.it\/fr\/wp-json\/wp\/v2\/product_tag?post=641"}],"curies":[{"name":"wp","href":"https:\/\/api.w.org\/{rel}","templated":true}]}}