{"id":637,"date":"2015-11-11T15:20:43","date_gmt":"2015-11-11T15:20:43","guid":{"rendered":"http:\/\/www.pharmaroma.it\/prodotto\/innac-detergente\/"},"modified":"2016-12-22T16:21:54","modified_gmt":"2016-12-22T16:21:54","slug":"detergent-innac","status":"publish","type":"product","link":"https:\/\/www.pharmaroma.it\/fr\/prodotto\/detergent-innac\/","title":{"rendered":"D\u00e9tergent Innac"},"content":{"rendered":"<h2>D\u00e9tergent Innac<\/h2>\n<p>Ligne dermatologique \u00e0 base de <strong>verbascoside<\/strong> limite et combat les imperfections de la peau en cas d&#8217;acn\u00e9 l\u00e9g\u00e8re ou mod\u00e9r\u00e9e.<\/p>\n<p>le d\u00e9tergent Innac est une pr\u00e9paration de rin\u00e7age pour l&#8217;hygi\u00e8ne quotidienne. Il nettoie en douceur la peau en \u00e9liminant les impuret\u00e9s et l&#8217;exc\u00e8s de s\u00e9bum. Sa formule est faite pour nettoyer en douceur les peaux mixtes, grasses et qui sont sujettes \u00e0 l&#8217;acn\u00e9 qui contraste l&#8217;hyperkeratinization.<br \/>\nLa pr\u00e9sence de tensioactifs doux, il est particuli\u00e8rement appropri\u00e9 dans tous les cas de peau sensible, irrit\u00e9e et \u00e9vite l&#8217;effet de rebond ennuyeux.<\/p>\n<h2>Mode d&#8217;emploi<\/h2>\n<p>Appliquer sur la peau humide une petite quantit\u00e9 de d\u00e9tergent. Massez jusqu&#8217;\u00e0 obtenir l\u00e9g\u00e8re mousse puis rincez abondamment \u00e0 l&#8217;eau. <\/p>\n<h2>Ingr\u00e9dients INCI (CTFA)<\/h2>\n<p>Aqua, Sodium sulfate myreth, Cocoamidopropylb\u00e9ta\u00efne, Sodium trideceth 7-carboxylate, dilaureth 7 citrate de sodium, cocoamphodiac\u00e9tate de sodium, PEG 40 huile de ricin hydrog\u00e9n\u00e9e, le glutamate de sodium de, acide salicylique, polyquaternium 7, chloryde de sodium, le panth\u00e9nol, l&#8217;acide lactique, l&#8217;acide glycolique, Verbena officinalis extrait, Parfum.<\/p>\n<p><strong>Nickel, Leads, chrome, molybd\u00e8ne test\u00e9<\/strong><br \/>\n<strong>USAGE EXTERNE<\/strong><br \/>\n<strong>flacon 200ml<\/strong><\/p>\n","protected":false},"excerpt":{"rendered":"<p>Indiqu\u00e9 pour l&#8217;hygi\u00e8ne et le soin de la peau soumis \u00e0 des traitements anti-acn\u00e9. les peaux grasses et acn\u00e9iques.<\/p>\n","protected":false},"featured_media":753,"comment_status":"closed","ping_status":"closed","template":"","meta":[],"product_brand":[],"product_cat":[90],"product_tag":[68,59,69],"class_list":{"0":"post-637","1":"product","2":"type-product","3":"status-publish","4":"has-post-thumbnail","6":"product_cat-ligne-acne","7":"product_tag-igiene-fr","8":"product_tag-hyperkeratinization-fr","9":"product_tag-verbascoside-fr","11":"first","12":"instock","13":"sale","14":"purchasable","15":"product-type-simple"},"yoast_head":"<!-- This site is optimized with the Yoast SEO plugin v27.0 - https:\/\/yoast.com\/product\/yoast-seo-wordpress\/ -->\n<title>D\u00e9tergent Innac - PHARMA ROMA 2005<\/title>\n<meta name=\"robots\" content=\"index, follow, max-snippet:-1, max-image-preview:large, max-video-preview:-1\" \/>\n<link rel=\"canonical\" href=\"https:\/\/www.pharmaroma.it\/prodotto\/innac-detergente\/\" \/>\n<meta property=\"og:locale\" content=\"fr_FR\" \/>\n<meta property=\"og:type\" content=\"article\" \/>\n<meta property=\"og:title\" content=\"D\u00e9tergent Innac - PHARMA ROMA 2005\" \/>\n<meta property=\"og:description\" content=\"Indiqu\u00e9 pour l&#039;hygi\u00e8ne et le soin de la peau soumis \u00e0 des traitements anti-acn\u00e9. les peaux grasses et acn\u00e9iques.\" \/>\n<meta property=\"og:url\" content=\"https:\/\/www.pharmaroma.it\/prodotto\/innac-detergente\/\" \/>\n<meta property=\"og:site_name\" content=\"PHARMA ROMA 2005\" \/>\n<meta property=\"article:modified_time\" content=\"2016-12-22T16:21:54+00:00\" \/>\n<meta property=\"og:image\" content=\"https:\/\/www.pharmaroma.it\/wp-content\/uploads\/QK0A0852-copia.jpg\" \/>\n\t<meta property=\"og:image:width\" content=\"1024\" \/>\n\t<meta property=\"og:image:height\" content=\"1024\" \/>\n\t<meta property=\"og:image:type\" content=\"image\/jpeg\" \/>\n<meta name=\"twitter:card\" content=\"summary_large_image\" \/>\n<meta name=\"twitter:label1\" content=\"Dur\u00e9e de lecture estim\u00e9e\" \/>\n\t<meta name=\"twitter:data1\" content=\"1 minute\" \/>\n<script type=\"application\/ld+json\" class=\"yoast-schema-graph\">{\"@context\":\"https:\/\/schema.org\",\"@graph\":[{\"@type\":\"WebPage\",\"@id\":\"https:\/\/www.pharmaroma.it\/prodotto\/innac-detergente\/\",\"url\":\"https:\/\/www.pharmaroma.it\/prodotto\/innac-detergente\/\",\"name\":\"D\u00e9tergent Innac - PHARMA ROMA 2005\",\"isPartOf\":{\"@id\":\"https:\/\/www.pharmaroma.it\/#website\"},\"primaryImageOfPage\":{\"@id\":\"https:\/\/www.pharmaroma.it\/prodotto\/innac-detergente\/#primaryimage\"},\"image\":{\"@id\":\"https:\/\/www.pharmaroma.it\/prodotto\/innac-detergente\/#primaryimage\"},\"thumbnailUrl\":\"https:\/\/www.pharmaroma.it\/wp-content\/uploads\/QK0A0852-copia.jpg\",\"datePublished\":\"2015-11-11T15:20:43+00:00\",\"dateModified\":\"2016-12-22T16:21:54+00:00\",\"breadcrumb\":{\"@id\":\"https:\/\/www.pharmaroma.it\/prodotto\/innac-detergente\/#breadcrumb\"},\"inLanguage\":\"fr-FR\",\"potentialAction\":[{\"@type\":\"ReadAction\",\"target\":[\"https:\/\/www.pharmaroma.it\/prodotto\/innac-detergente\/\"]}]},{\"@type\":\"ImageObject\",\"inLanguage\":\"fr-FR\",\"@id\":\"https:\/\/www.pharmaroma.it\/prodotto\/innac-detergente\/#primaryimage\",\"url\":\"https:\/\/www.pharmaroma.it\/wp-content\/uploads\/QK0A0852-copia.jpg\",\"contentUrl\":\"https:\/\/www.pharmaroma.it\/wp-content\/uploads\/QK0A0852-copia.jpg\",\"width\":1024,\"height\":1024},{\"@type\":\"BreadcrumbList\",\"@id\":\"https:\/\/www.pharmaroma.it\/prodotto\/innac-detergente\/#breadcrumb\",\"itemListElement\":[{\"@type\":\"ListItem\",\"position\":1,\"name\":\"Home\",\"item\":\"https:\/\/www.pharmaroma.it\/fr\/\"},{\"@type\":\"ListItem\",\"position\":2,\"name\":\"Boutique\",\"item\":\"https:\/\/www.pharmaroma.it\/negozio\/\"},{\"@type\":\"ListItem\",\"position\":3,\"name\":\"D\u00e9tergent Innac\"}]},{\"@type\":\"WebSite\",\"@id\":\"https:\/\/www.pharmaroma.it\/#website\",\"url\":\"https:\/\/www.pharmaroma.it\/\",\"name\":\"PHARMA ROMA 2005\",\"description\":\"Prodotti Dermatologici Roma\",\"potentialAction\":[{\"@type\":\"SearchAction\",\"target\":{\"@type\":\"EntryPoint\",\"urlTemplate\":\"https:\/\/www.pharmaroma.it\/?s={search_term_string}\"},\"query-input\":{\"@type\":\"PropertyValueSpecification\",\"valueRequired\":true,\"valueName\":\"search_term_string\"}}],\"inLanguage\":\"fr-FR\"}]}<\/script>\n<!-- \/ Yoast SEO plugin. -->","yoast_head_json":{"title":"D\u00e9tergent Innac - PHARMA ROMA 2005","robots":{"index":"index","follow":"follow","max-snippet":"max-snippet:-1","max-image-preview":"max-image-preview:large","max-video-preview":"max-video-preview:-1"},"canonical":"https:\/\/www.pharmaroma.it\/prodotto\/innac-detergente\/","og_locale":"fr_FR","og_type":"article","og_title":"D\u00e9tergent Innac - PHARMA ROMA 2005","og_description":"Indiqu\u00e9 pour l'hygi\u00e8ne et le soin de la peau soumis \u00e0 des traitements anti-acn\u00e9. les peaux grasses et acn\u00e9iques.","og_url":"https:\/\/www.pharmaroma.it\/prodotto\/innac-detergente\/","og_site_name":"PHARMA ROMA 2005","article_modified_time":"2016-12-22T16:21:54+00:00","og_image":[{"width":1024,"height":1024,"url":"https:\/\/www.pharmaroma.it\/wp-content\/uploads\/QK0A0852-copia.jpg","type":"image\/jpeg"}],"twitter_card":"summary_large_image","twitter_misc":{"Dur\u00e9e de lecture estim\u00e9e":"1 minute"},"schema":{"@context":"https:\/\/schema.org","@graph":[{"@type":"WebPage","@id":"https:\/\/www.pharmaroma.it\/prodotto\/innac-detergente\/","url":"https:\/\/www.pharmaroma.it\/prodotto\/innac-detergente\/","name":"D\u00e9tergent Innac - PHARMA ROMA 2005","isPartOf":{"@id":"https:\/\/www.pharmaroma.it\/#website"},"primaryImageOfPage":{"@id":"https:\/\/www.pharmaroma.it\/prodotto\/innac-detergente\/#primaryimage"},"image":{"@id":"https:\/\/www.pharmaroma.it\/prodotto\/innac-detergente\/#primaryimage"},"thumbnailUrl":"https:\/\/www.pharmaroma.it\/wp-content\/uploads\/QK0A0852-copia.jpg","datePublished":"2015-11-11T15:20:43+00:00","dateModified":"2016-12-22T16:21:54+00:00","breadcrumb":{"@id":"https:\/\/www.pharmaroma.it\/prodotto\/innac-detergente\/#breadcrumb"},"inLanguage":"fr-FR","potentialAction":[{"@type":"ReadAction","target":["https:\/\/www.pharmaroma.it\/prodotto\/innac-detergente\/"]}]},{"@type":"ImageObject","inLanguage":"fr-FR","@id":"https:\/\/www.pharmaroma.it\/prodotto\/innac-detergente\/#primaryimage","url":"https:\/\/www.pharmaroma.it\/wp-content\/uploads\/QK0A0852-copia.jpg","contentUrl":"https:\/\/www.pharmaroma.it\/wp-content\/uploads\/QK0A0852-copia.jpg","width":1024,"height":1024},{"@type":"BreadcrumbList","@id":"https:\/\/www.pharmaroma.it\/prodotto\/innac-detergente\/#breadcrumb","itemListElement":[{"@type":"ListItem","position":1,"name":"Home","item":"https:\/\/www.pharmaroma.it\/fr\/"},{"@type":"ListItem","position":2,"name":"Boutique","item":"https:\/\/www.pharmaroma.it\/negozio\/"},{"@type":"ListItem","position":3,"name":"D\u00e9tergent Innac"}]},{"@type":"WebSite","@id":"https:\/\/www.pharmaroma.it\/#website","url":"https:\/\/www.pharmaroma.it\/","name":"PHARMA ROMA 2005","description":"Prodotti Dermatologici Roma","potentialAction":[{"@type":"SearchAction","target":{"@type":"EntryPoint","urlTemplate":"https:\/\/www.pharmaroma.it\/?s={search_term_string}"},"query-input":{"@type":"PropertyValueSpecification","valueRequired":true,"valueName":"search_term_string"}}],"inLanguage":"fr-FR"}]}},"_links":{"self":[{"href":"https:\/\/www.pharmaroma.it\/fr\/wp-json\/wp\/v2\/product\/637","targetHints":{"allow":["GET"]}}],"collection":[{"href":"https:\/\/www.pharmaroma.it\/fr\/wp-json\/wp\/v2\/product"}],"about":[{"href":"https:\/\/www.pharmaroma.it\/fr\/wp-json\/wp\/v2\/types\/product"}],"replies":[{"embeddable":true,"href":"https:\/\/www.pharmaroma.it\/fr\/wp-json\/wp\/v2\/comments?post=637"}],"wp:featuredmedia":[{"embeddable":true,"href":"https:\/\/www.pharmaroma.it\/fr\/wp-json\/wp\/v2\/media\/753"}],"wp:attachment":[{"href":"https:\/\/www.pharmaroma.it\/fr\/wp-json\/wp\/v2\/media?parent=637"}],"wp:term":[{"taxonomy":"product_brand","embeddable":true,"href":"https:\/\/www.pharmaroma.it\/fr\/wp-json\/wp\/v2\/product_brand?post=637"},{"taxonomy":"product_cat","embeddable":true,"href":"https:\/\/www.pharmaroma.it\/fr\/wp-json\/wp\/v2\/product_cat?post=637"},{"taxonomy":"product_tag","embeddable":true,"href":"https:\/\/www.pharmaroma.it\/fr\/wp-json\/wp\/v2\/product_tag?post=637"}],"curies":[{"name":"wp","href":"https:\/\/api.w.org\/{rel}","templated":true}]}}