{"id":631,"date":"2015-11-12T11:17:31","date_gmt":"2015-11-12T11:17:31","guid":{"rendered":"http:\/\/www.pharmaroma.it\/prodotto\/galidren\/"},"modified":"2017-03-06T21:09:16","modified_gmt":"2017-03-06T21:09:16","slug":"galidren","status":"publish","type":"product","link":"https:\/\/www.pharmaroma.it\/fr\/prodotto\/galidren\/","title":{"rendered":"Galidren"},"content":{"rendered":"<h2>Compl\u00e9ment Alimentaire<\/h2>\n<p>Extraits naturels CLA potassium avec Galium aparine. Le compl\u00e9ment alimentaire qui lutte contre la cellulite.<\/p>\n<p>Galidren est un compl\u00e9ment alimentaire compos\u00e9 d&#8217;un ensemble de phytocomplexes que, dans la synergie entre eux, favorisant l&#8217;momentan\u00e9ment re d&#8217;une condition physiologique du tissu hypodermique, adipeux et microcirculation.<\/p>\n<blockquote><p>Cellulite ou panniculopatia edematofibrosclerotica (PEF) est provoqu\u00e9e par la d\u00e9g\u00e9n\u00e9rescence de la microcirculation du tissu adipeux avec la modification cons\u00e9quente de ses fonctions m\u00e9taboliques les plus importantes. GALIDREN combat la cellulite disgracieuse.<\/p><\/blockquote>\n<p>&nbsp;<\/p>\n<h2>Mode d&#8217;Emploi<\/h2>\n<p>Un ou deux comprim\u00e9s par jour, aval\u00e9 sans m\u00e2cher, ou veuillez demander un second avis m\u00e9dical.<\/p>\n<h2>Ingr\u00e9dients<\/h2>\n<p>citrate de potassium, th\u00e9 vert e.s 95% Polyph\u00e9nols, Ac. linol\u00e9ique (CLA), e.s de pissenlit 2% inuline, MCU 280 Papaye, tige d&#8217;Ananase 250GDU, e.s de Rusco 10% ruscogenin, Galium aparine e.s 1\/4<br \/>\n<strong>Excipients:<\/strong> st\u00e9arate de magn\u00e9sium, dioxyde de silicium, maltodextrine.<\/p>\n<p><strong>UTILISATION  PAR VOIE ORALE<\/strong> <strong>bo\u00eete de 36 comprim\u00e9s<\/strong><\/p>\n","protected":false},"excerpt":{"rendered":"<p><strong>COMPLEMENT ALIMENTAIRE<\/strong><br \/>\nExtraits naturels CLA de potassium avec Galium aparine.<\/p>\n","protected":false},"featured_media":726,"comment_status":"closed","ping_status":"closed","template":"","meta":[],"product_brand":[],"product_cat":[91],"product_tag":[],"class_list":{"0":"post-631","1":"product","2":"type-product","3":"status-publish","4":"has-post-thumbnail","6":"product_cat-ligne-vidange","8":"first","9":"instock","10":"sale","11":"taxable","12":"shipping-taxable","13":"purchasable","14":"product-type-simple"},"yoast_head":"<!-- This site is optimized with the Yoast SEO plugin v27.0 - https:\/\/yoast.com\/product\/yoast-seo-wordpress\/ -->\n<title>Galidren - PHARMA ROMA 2005<\/title>\n<meta name=\"robots\" content=\"index, follow, max-snippet:-1, max-image-preview:large, max-video-preview:-1\" \/>\n<link rel=\"canonical\" href=\"https:\/\/www.pharmaroma.it\/prodotto\/galidren\/\" \/>\n<meta property=\"og:locale\" content=\"fr_FR\" \/>\n<meta property=\"og:type\" content=\"article\" \/>\n<meta property=\"og:title\" content=\"Galidren - PHARMA ROMA 2005\" \/>\n<meta property=\"og:description\" content=\"COMPLEMENT ALIMENTAIRE Extraits naturels CLA de potassium avec Galium aparine.\" \/>\n<meta property=\"og:url\" content=\"https:\/\/www.pharmaroma.it\/prodotto\/galidren\/\" \/>\n<meta property=\"og:site_name\" content=\"PHARMA ROMA 2005\" \/>\n<meta property=\"article:modified_time\" content=\"2017-03-06T21:09:16+00:00\" \/>\n<meta property=\"og:image\" content=\"https:\/\/www.pharmaroma.it\/wp-content\/uploads\/QK0A0932-copia.jpg\" \/>\n\t<meta property=\"og:image:width\" content=\"1024\" \/>\n\t<meta property=\"og:image:height\" content=\"1024\" \/>\n\t<meta property=\"og:image:type\" content=\"image\/jpeg\" \/>\n<meta name=\"twitter:card\" content=\"summary_large_image\" \/>\n<meta name=\"twitter:label1\" content=\"Dur\u00e9e de lecture estim\u00e9e\" \/>\n\t<meta name=\"twitter:data1\" content=\"1 minute\" \/>\n<script type=\"application\/ld+json\" class=\"yoast-schema-graph\">{\"@context\":\"https:\/\/schema.org\",\"@graph\":[{\"@type\":\"WebPage\",\"@id\":\"https:\/\/www.pharmaroma.it\/prodotto\/galidren\/\",\"url\":\"https:\/\/www.pharmaroma.it\/prodotto\/galidren\/\",\"name\":\"Galidren - PHARMA ROMA 2005\",\"isPartOf\":{\"@id\":\"https:\/\/www.pharmaroma.it\/#website\"},\"primaryImageOfPage\":{\"@id\":\"https:\/\/www.pharmaroma.it\/prodotto\/galidren\/#primaryimage\"},\"image\":{\"@id\":\"https:\/\/www.pharmaroma.it\/prodotto\/galidren\/#primaryimage\"},\"thumbnailUrl\":\"https:\/\/www.pharmaroma.it\/wp-content\/uploads\/QK0A0932-copia.jpg\",\"datePublished\":\"2015-11-12T11:17:31+00:00\",\"dateModified\":\"2017-03-06T21:09:16+00:00\",\"breadcrumb\":{\"@id\":\"https:\/\/www.pharmaroma.it\/prodotto\/galidren\/#breadcrumb\"},\"inLanguage\":\"fr-FR\",\"potentialAction\":[{\"@type\":\"ReadAction\",\"target\":[\"https:\/\/www.pharmaroma.it\/prodotto\/galidren\/\"]}]},{\"@type\":\"ImageObject\",\"inLanguage\":\"fr-FR\",\"@id\":\"https:\/\/www.pharmaroma.it\/prodotto\/galidren\/#primaryimage\",\"url\":\"https:\/\/www.pharmaroma.it\/wp-content\/uploads\/QK0A0932-copia.jpg\",\"contentUrl\":\"https:\/\/www.pharmaroma.it\/wp-content\/uploads\/QK0A0932-copia.jpg\",\"width\":1024,\"height\":1024},{\"@type\":\"BreadcrumbList\",\"@id\":\"https:\/\/www.pharmaroma.it\/prodotto\/galidren\/#breadcrumb\",\"itemListElement\":[{\"@type\":\"ListItem\",\"position\":1,\"name\":\"Home\",\"item\":\"https:\/\/www.pharmaroma.it\/fr\/\"},{\"@type\":\"ListItem\",\"position\":2,\"name\":\"Boutique\",\"item\":\"https:\/\/www.pharmaroma.it\/negozio\/\"},{\"@type\":\"ListItem\",\"position\":3,\"name\":\"Galidren\"}]},{\"@type\":\"WebSite\",\"@id\":\"https:\/\/www.pharmaroma.it\/#website\",\"url\":\"https:\/\/www.pharmaroma.it\/\",\"name\":\"PHARMA ROMA 2005\",\"description\":\"Prodotti Dermatologici Roma\",\"potentialAction\":[{\"@type\":\"SearchAction\",\"target\":{\"@type\":\"EntryPoint\",\"urlTemplate\":\"https:\/\/www.pharmaroma.it\/?s={search_term_string}\"},\"query-input\":{\"@type\":\"PropertyValueSpecification\",\"valueRequired\":true,\"valueName\":\"search_term_string\"}}],\"inLanguage\":\"fr-FR\"}]}<\/script>\n<!-- \/ Yoast SEO plugin. -->","yoast_head_json":{"title":"Galidren - PHARMA ROMA 2005","robots":{"index":"index","follow":"follow","max-snippet":"max-snippet:-1","max-image-preview":"max-image-preview:large","max-video-preview":"max-video-preview:-1"},"canonical":"https:\/\/www.pharmaroma.it\/prodotto\/galidren\/","og_locale":"fr_FR","og_type":"article","og_title":"Galidren - PHARMA ROMA 2005","og_description":"COMPLEMENT ALIMENTAIRE Extraits naturels CLA de potassium avec Galium aparine.","og_url":"https:\/\/www.pharmaroma.it\/prodotto\/galidren\/","og_site_name":"PHARMA ROMA 2005","article_modified_time":"2017-03-06T21:09:16+00:00","og_image":[{"width":1024,"height":1024,"url":"https:\/\/www.pharmaroma.it\/wp-content\/uploads\/QK0A0932-copia.jpg","type":"image\/jpeg"}],"twitter_card":"summary_large_image","twitter_misc":{"Dur\u00e9e de lecture estim\u00e9e":"1 minute"},"schema":{"@context":"https:\/\/schema.org","@graph":[{"@type":"WebPage","@id":"https:\/\/www.pharmaroma.it\/prodotto\/galidren\/","url":"https:\/\/www.pharmaroma.it\/prodotto\/galidren\/","name":"Galidren - PHARMA ROMA 2005","isPartOf":{"@id":"https:\/\/www.pharmaroma.it\/#website"},"primaryImageOfPage":{"@id":"https:\/\/www.pharmaroma.it\/prodotto\/galidren\/#primaryimage"},"image":{"@id":"https:\/\/www.pharmaroma.it\/prodotto\/galidren\/#primaryimage"},"thumbnailUrl":"https:\/\/www.pharmaroma.it\/wp-content\/uploads\/QK0A0932-copia.jpg","datePublished":"2015-11-12T11:17:31+00:00","dateModified":"2017-03-06T21:09:16+00:00","breadcrumb":{"@id":"https:\/\/www.pharmaroma.it\/prodotto\/galidren\/#breadcrumb"},"inLanguage":"fr-FR","potentialAction":[{"@type":"ReadAction","target":["https:\/\/www.pharmaroma.it\/prodotto\/galidren\/"]}]},{"@type":"ImageObject","inLanguage":"fr-FR","@id":"https:\/\/www.pharmaroma.it\/prodotto\/galidren\/#primaryimage","url":"https:\/\/www.pharmaroma.it\/wp-content\/uploads\/QK0A0932-copia.jpg","contentUrl":"https:\/\/www.pharmaroma.it\/wp-content\/uploads\/QK0A0932-copia.jpg","width":1024,"height":1024},{"@type":"BreadcrumbList","@id":"https:\/\/www.pharmaroma.it\/prodotto\/galidren\/#breadcrumb","itemListElement":[{"@type":"ListItem","position":1,"name":"Home","item":"https:\/\/www.pharmaroma.it\/fr\/"},{"@type":"ListItem","position":2,"name":"Boutique","item":"https:\/\/www.pharmaroma.it\/negozio\/"},{"@type":"ListItem","position":3,"name":"Galidren"}]},{"@type":"WebSite","@id":"https:\/\/www.pharmaroma.it\/#website","url":"https:\/\/www.pharmaroma.it\/","name":"PHARMA ROMA 2005","description":"Prodotti Dermatologici Roma","potentialAction":[{"@type":"SearchAction","target":{"@type":"EntryPoint","urlTemplate":"https:\/\/www.pharmaroma.it\/?s={search_term_string}"},"query-input":{"@type":"PropertyValueSpecification","valueRequired":true,"valueName":"search_term_string"}}],"inLanguage":"fr-FR"}]}},"_links":{"self":[{"href":"https:\/\/www.pharmaroma.it\/fr\/wp-json\/wp\/v2\/product\/631","targetHints":{"allow":["GET"]}}],"collection":[{"href":"https:\/\/www.pharmaroma.it\/fr\/wp-json\/wp\/v2\/product"}],"about":[{"href":"https:\/\/www.pharmaroma.it\/fr\/wp-json\/wp\/v2\/types\/product"}],"replies":[{"embeddable":true,"href":"https:\/\/www.pharmaroma.it\/fr\/wp-json\/wp\/v2\/comments?post=631"}],"wp:featuredmedia":[{"embeddable":true,"href":"https:\/\/www.pharmaroma.it\/fr\/wp-json\/wp\/v2\/media\/726"}],"wp:attachment":[{"href":"https:\/\/www.pharmaroma.it\/fr\/wp-json\/wp\/v2\/media?parent=631"}],"wp:term":[{"taxonomy":"product_brand","embeddable":true,"href":"https:\/\/www.pharmaroma.it\/fr\/wp-json\/wp\/v2\/product_brand?post=631"},{"taxonomy":"product_cat","embeddable":true,"href":"https:\/\/www.pharmaroma.it\/fr\/wp-json\/wp\/v2\/product_cat?post=631"},{"taxonomy":"product_tag","embeddable":true,"href":"https:\/\/www.pharmaroma.it\/fr\/wp-json\/wp\/v2\/product_tag?post=631"}],"curies":[{"name":"wp","href":"https:\/\/api.w.org\/{rel}","templated":true}]}}