{"id":629,"date":"2015-11-12T11:16:47","date_gmt":"2015-11-12T11:16:47","guid":{"rendered":"http:\/\/www.pharmaroma.it\/prodotto\/blue-oil\/"},"modified":"2016-12-22T15:58:40","modified_gmt":"2016-12-22T15:58:40","slug":"blue-oil","status":"publish","type":"product","link":"https:\/\/www.pharmaroma.it\/fr\/prodotto\/blue-oil\/","title":{"rendered":"Blue Oil"},"content":{"rendered":"<h2>Blue Oil<\/h2>\n<p>Blue Oil est scientifiquement formul\u00e9 pour le nettoyage des cuirs chevelus irritables et sensibles secs, en particulier pour la dermatite atopique, l&#8217;ichtyose et le psoriasis.<br \/>\nGr\u00e2ce \u00e0 sa d\u00e9licatesse particuli\u00e8re ce produit est \u00e9galement conseill\u00e9 pour le nourrisson et le nettoyage du nouveau-n\u00e9. <\/p>\n<h2>Comment utiliser<\/h2>\n<p>Pour la douche: appliquer le produit directement sur le corps mouill\u00e9 tout en massant avec soin; rincer et s\u00e9cher sans frotter. Pour la salle de bain: disperser dans la cuve 15 \/ 20ml de produit. \u00c9viter tout contact avec les yeux, en cas de contact rincer avec beaucoup d&#8217;eau.<\/p>\n<h2>Ingr\u00e9dients<\/h2>\n<p>Caprylique \/ caprique ethylexhyldodecanol, Laureth-4, Laureth-3, l&#8217;huile de p\u00e9pins de Vitis vinifera, prunus amygdalus dulcis huile, Tocopherylacetate, Parfum.<\/p>\n<p><strong>USAGE EXTERNE<\/strong><br \/>\n<strong>200ml<\/strong><\/p>\n","protected":false},"excerpt":{"rendered":"<p>Huile d\u00e9maquillante<\/p>\n","protected":false},"featured_media":717,"comment_status":"closed","ping_status":"closed","template":"","meta":[],"product_brand":[],"product_cat":[92],"product_tag":[63,57],"class_list":{"0":"post-629","1":"product","2":"type-product","3":"status-publish","4":"has-post-thumbnail","6":"product_cat-ligne-hydratants","7":"product_tag-dermatiti-atopiche-fr","8":"product_tag-psoriasis-fr","10":"first","11":"instock","12":"sale","13":"taxable","14":"shipping-taxable","15":"purchasable","16":"product-type-simple"},"yoast_head":"<!-- This site is optimized with the Yoast SEO plugin v27.0 - https:\/\/yoast.com\/product\/yoast-seo-wordpress\/ -->\n<title>Blue Oil - PHARMA ROMA 2005<\/title>\n<meta name=\"robots\" content=\"index, follow, max-snippet:-1, max-image-preview:large, max-video-preview:-1\" \/>\n<link rel=\"canonical\" href=\"https:\/\/www.pharmaroma.it\/prodotto\/blue-oil\/\" \/>\n<meta property=\"og:locale\" content=\"fr_FR\" \/>\n<meta property=\"og:type\" content=\"article\" \/>\n<meta property=\"og:title\" content=\"Blue Oil - PHARMA ROMA 2005\" \/>\n<meta property=\"og:description\" content=\"Huile d\u00e9maquillante\" \/>\n<meta property=\"og:url\" content=\"https:\/\/www.pharmaroma.it\/prodotto\/blue-oil\/\" \/>\n<meta property=\"og:site_name\" content=\"PHARMA ROMA 2005\" \/>\n<meta property=\"article:modified_time\" content=\"2016-12-22T15:58:40+00:00\" \/>\n<meta property=\"og:image\" content=\"https:\/\/www.pharmaroma.it\/wp-content\/uploads\/QK0A0855-copia.jpg\" \/>\n\t<meta property=\"og:image:width\" content=\"1024\" \/>\n\t<meta property=\"og:image:height\" content=\"1024\" \/>\n\t<meta property=\"og:image:type\" content=\"image\/jpeg\" \/>\n<meta name=\"twitter:card\" content=\"summary_large_image\" \/>\n<meta name=\"twitter:label1\" content=\"Dur\u00e9e de lecture estim\u00e9e\" \/>\n\t<meta name=\"twitter:data1\" content=\"1 minute\" \/>\n<script type=\"application\/ld+json\" class=\"yoast-schema-graph\">{\"@context\":\"https:\/\/schema.org\",\"@graph\":[{\"@type\":\"WebPage\",\"@id\":\"https:\/\/www.pharmaroma.it\/prodotto\/blue-oil\/\",\"url\":\"https:\/\/www.pharmaroma.it\/prodotto\/blue-oil\/\",\"name\":\"Blue Oil - PHARMA ROMA 2005\",\"isPartOf\":{\"@id\":\"https:\/\/www.pharmaroma.it\/#website\"},\"primaryImageOfPage\":{\"@id\":\"https:\/\/www.pharmaroma.it\/prodotto\/blue-oil\/#primaryimage\"},\"image\":{\"@id\":\"https:\/\/www.pharmaroma.it\/prodotto\/blue-oil\/#primaryimage\"},\"thumbnailUrl\":\"https:\/\/www.pharmaroma.it\/wp-content\/uploads\/QK0A0855-copia.jpg\",\"datePublished\":\"2015-11-12T11:16:47+00:00\",\"dateModified\":\"2016-12-22T15:58:40+00:00\",\"breadcrumb\":{\"@id\":\"https:\/\/www.pharmaroma.it\/prodotto\/blue-oil\/#breadcrumb\"},\"inLanguage\":\"fr-FR\",\"potentialAction\":[{\"@type\":\"ReadAction\",\"target\":[\"https:\/\/www.pharmaroma.it\/prodotto\/blue-oil\/\"]}]},{\"@type\":\"ImageObject\",\"inLanguage\":\"fr-FR\",\"@id\":\"https:\/\/www.pharmaroma.it\/prodotto\/blue-oil\/#primaryimage\",\"url\":\"https:\/\/www.pharmaroma.it\/wp-content\/uploads\/QK0A0855-copia.jpg\",\"contentUrl\":\"https:\/\/www.pharmaroma.it\/wp-content\/uploads\/QK0A0855-copia.jpg\",\"width\":1024,\"height\":1024},{\"@type\":\"BreadcrumbList\",\"@id\":\"https:\/\/www.pharmaroma.it\/prodotto\/blue-oil\/#breadcrumb\",\"itemListElement\":[{\"@type\":\"ListItem\",\"position\":1,\"name\":\"Home\",\"item\":\"https:\/\/www.pharmaroma.it\/fr\/\"},{\"@type\":\"ListItem\",\"position\":2,\"name\":\"Boutique\",\"item\":\"https:\/\/www.pharmaroma.it\/negozio\/\"},{\"@type\":\"ListItem\",\"position\":3,\"name\":\"Blue Oil\"}]},{\"@type\":\"WebSite\",\"@id\":\"https:\/\/www.pharmaroma.it\/#website\",\"url\":\"https:\/\/www.pharmaroma.it\/\",\"name\":\"PHARMA ROMA 2005\",\"description\":\"Prodotti Dermatologici Roma\",\"potentialAction\":[{\"@type\":\"SearchAction\",\"target\":{\"@type\":\"EntryPoint\",\"urlTemplate\":\"https:\/\/www.pharmaroma.it\/?s={search_term_string}\"},\"query-input\":{\"@type\":\"PropertyValueSpecification\",\"valueRequired\":true,\"valueName\":\"search_term_string\"}}],\"inLanguage\":\"fr-FR\"}]}<\/script>\n<!-- \/ Yoast SEO plugin. -->","yoast_head_json":{"title":"Blue Oil - PHARMA ROMA 2005","robots":{"index":"index","follow":"follow","max-snippet":"max-snippet:-1","max-image-preview":"max-image-preview:large","max-video-preview":"max-video-preview:-1"},"canonical":"https:\/\/www.pharmaroma.it\/prodotto\/blue-oil\/","og_locale":"fr_FR","og_type":"article","og_title":"Blue Oil - PHARMA ROMA 2005","og_description":"Huile d\u00e9maquillante","og_url":"https:\/\/www.pharmaroma.it\/prodotto\/blue-oil\/","og_site_name":"PHARMA ROMA 2005","article_modified_time":"2016-12-22T15:58:40+00:00","og_image":[{"width":1024,"height":1024,"url":"https:\/\/www.pharmaroma.it\/wp-content\/uploads\/QK0A0855-copia.jpg","type":"image\/jpeg"}],"twitter_card":"summary_large_image","twitter_misc":{"Dur\u00e9e de lecture estim\u00e9e":"1 minute"},"schema":{"@context":"https:\/\/schema.org","@graph":[{"@type":"WebPage","@id":"https:\/\/www.pharmaroma.it\/prodotto\/blue-oil\/","url":"https:\/\/www.pharmaroma.it\/prodotto\/blue-oil\/","name":"Blue Oil - PHARMA ROMA 2005","isPartOf":{"@id":"https:\/\/www.pharmaroma.it\/#website"},"primaryImageOfPage":{"@id":"https:\/\/www.pharmaroma.it\/prodotto\/blue-oil\/#primaryimage"},"image":{"@id":"https:\/\/www.pharmaroma.it\/prodotto\/blue-oil\/#primaryimage"},"thumbnailUrl":"https:\/\/www.pharmaroma.it\/wp-content\/uploads\/QK0A0855-copia.jpg","datePublished":"2015-11-12T11:16:47+00:00","dateModified":"2016-12-22T15:58:40+00:00","breadcrumb":{"@id":"https:\/\/www.pharmaroma.it\/prodotto\/blue-oil\/#breadcrumb"},"inLanguage":"fr-FR","potentialAction":[{"@type":"ReadAction","target":["https:\/\/www.pharmaroma.it\/prodotto\/blue-oil\/"]}]},{"@type":"ImageObject","inLanguage":"fr-FR","@id":"https:\/\/www.pharmaroma.it\/prodotto\/blue-oil\/#primaryimage","url":"https:\/\/www.pharmaroma.it\/wp-content\/uploads\/QK0A0855-copia.jpg","contentUrl":"https:\/\/www.pharmaroma.it\/wp-content\/uploads\/QK0A0855-copia.jpg","width":1024,"height":1024},{"@type":"BreadcrumbList","@id":"https:\/\/www.pharmaroma.it\/prodotto\/blue-oil\/#breadcrumb","itemListElement":[{"@type":"ListItem","position":1,"name":"Home","item":"https:\/\/www.pharmaroma.it\/fr\/"},{"@type":"ListItem","position":2,"name":"Boutique","item":"https:\/\/www.pharmaroma.it\/negozio\/"},{"@type":"ListItem","position":3,"name":"Blue Oil"}]},{"@type":"WebSite","@id":"https:\/\/www.pharmaroma.it\/#website","url":"https:\/\/www.pharmaroma.it\/","name":"PHARMA ROMA 2005","description":"Prodotti Dermatologici Roma","potentialAction":[{"@type":"SearchAction","target":{"@type":"EntryPoint","urlTemplate":"https:\/\/www.pharmaroma.it\/?s={search_term_string}"},"query-input":{"@type":"PropertyValueSpecification","valueRequired":true,"valueName":"search_term_string"}}],"inLanguage":"fr-FR"}]}},"_links":{"self":[{"href":"https:\/\/www.pharmaroma.it\/fr\/wp-json\/wp\/v2\/product\/629","targetHints":{"allow":["GET"]}}],"collection":[{"href":"https:\/\/www.pharmaroma.it\/fr\/wp-json\/wp\/v2\/product"}],"about":[{"href":"https:\/\/www.pharmaroma.it\/fr\/wp-json\/wp\/v2\/types\/product"}],"replies":[{"embeddable":true,"href":"https:\/\/www.pharmaroma.it\/fr\/wp-json\/wp\/v2\/comments?post=629"}],"wp:featuredmedia":[{"embeddable":true,"href":"https:\/\/www.pharmaroma.it\/fr\/wp-json\/wp\/v2\/media\/717"}],"wp:attachment":[{"href":"https:\/\/www.pharmaroma.it\/fr\/wp-json\/wp\/v2\/media?parent=629"}],"wp:term":[{"taxonomy":"product_brand","embeddable":true,"href":"https:\/\/www.pharmaroma.it\/fr\/wp-json\/wp\/v2\/product_brand?post=629"},{"taxonomy":"product_cat","embeddable":true,"href":"https:\/\/www.pharmaroma.it\/fr\/wp-json\/wp\/v2\/product_cat?post=629"},{"taxonomy":"product_tag","embeddable":true,"href":"https:\/\/www.pharmaroma.it\/fr\/wp-json\/wp\/v2\/product_tag?post=629"}],"curies":[{"name":"wp","href":"https:\/\/api.w.org\/{rel}","templated":true}]}}