{"id":603,"date":"2016-12-09T21:27:48","date_gmt":"2016-12-09T21:27:48","guid":{"rendered":"http:\/\/www.pharmaroma.it\/nozioni-e-ricerca\/"},"modified":"2016-12-27T22:15:02","modified_gmt":"2016-12-27T22:15:02","slug":"mercerie-et-recherche","status":"publish","type":"page","link":"https:\/\/www.pharmaroma.it\/fr\/mercerie-et-recherche\/","title":{"rendered":"Mercerie et Recherche"},"content":{"rendered":"<p>[vc_row][vc_column]<div class=\"basel-blog-holder row \" id=\"69e755b2e570c\" data-paged=\"1\" data-atts=\"{&quot;post_type&quot;:&quot;post&quot;,&quot;include&quot;:&quot;&quot;,&quot;custom_query&quot;:&quot;&quot;,&quot;taxonomies&quot;:&quot;&quot;,&quot;pagination&quot;:&quot;more-btn&quot;,&quot;parts_title&quot;:&quot;1&quot;,&quot;parts_meta&quot;:&quot;1&quot;,&quot;parts_text&quot;:&quot;1&quot;,&quot;parts_media&quot;:true,&quot;parts_btn&quot;:&quot;1&quot;,&quot;items_per_page&quot;:12,&quot;offset&quot;:&quot;&quot;,&quot;orderby&quot;:&quot;date&quot;,&quot;order&quot;:&quot;DESC&quot;,&quot;meta_key&quot;:&quot;&quot;,&quot;exclude&quot;:&quot;&quot;,&quot;class&quot;:&quot;&quot;,&quot;ajax_page&quot;:&quot;&quot;,&quot;img_size&quot;:&quot;medium&quot;,&quot;blog_design&quot;:&quot;default&quot;,&quot;blog_columns&quot;:&quot;3&quot;}\">\n<article id=\"post-653\" class=\"blog-design-default blog-post-loop blog-style- post-653 post type-post status-publish format-standard hentry category-wiki-pharmaroma-fr\">\n\t\t\t<header class=\"entry-header\">\n\t\t\n\t\t\n\t\t\t\t\t\t<div class=\"post-date\" onclick=\"\">\n\t\t\t\t<span class=\"post-date-day\">\n\t\t\t\t\t27\t\t\t\t<\/span>\n\t\t\t\t<span class=\"post-date-month\">\n\t\t\t\t\tD\u00e9c\t\t\t\t<\/span>\n\t\t\t<\/div>\n\t\t\n\t\t\t<div class=\"post-mask\">\n\t\t\t\t\t\t\t\t\t<div class=\"meta-post-categories\"><a href=\"https:\/\/www.pharmaroma.it\/fr\/category\/wiki-pharmaroma-fr\/\" rel=\"category tag\">Wiki PharmaRoma<\/a><\/div>\n\t\t\t\t\n\t\t\t\t\t\t\t\t\t<h3 class=\"entry-title\">\n\t\t\t\t\t\t<a href=\"https:\/\/www.pharmaroma.it\/fr\/boswellia\/\" rel=\"bookmark\">Boswellia<\/a>\n\t\t\t\t\t<\/h3>\n\t\t\t\t\n\t\t\t\t\t\t\t\t\t<div class=\"entry-meta basel-entry-meta\">\n\t\t\t\t\t\t\t\t\t<ul class=\"entry-meta-list\">\n\t\t\t\t\n\t\t\t\t\t\t\t\t\t\t<li class=\"modified-date\"><time class=\"updated\" datetime=\"2016-12-27T21:30:55+00:00\">27 d\u00e9cembre 2016<\/time><\/li>\n\n\t\t\t\t\t\n\t\t\t\t\t\t\t\t\t\t\t\t\t\t\t\t<li class=\"meta-author\">\n\t\t\t\t\t\t\t\t\t\t\t\t\t\t\tPosted by\t\t\t\t\t\t\t\t\t\t\t\t\t\t\t\t\t\t\t\t\t<a href=\"https:\/\/www.pharmaroma.it\/fr\/author\/prdmin\/\" rel=\"author\">\n\t\t\t\t\t\t\t\t<span class=\"vcard author author_name\">\n\t\t\t\t\t\t\t\t\t<span class=\"fn\">PharmaRoma<\/span>\n\t\t\t\t\t\t\t\t<\/span>\n\t\t\t\t\t\t\t<\/a>\n\t\t\t\t\t\t<\/li>\n\t\t\t\t\t\t\t\t\t\t\t\t\t\t\t\t\t\t\t\t\t\t\t\t\t\t\t\t\t\t\t\t\t\t\t\t\t\t\t\t\t\t\t\t\t\t\t\t\t\t\t\t\t\t\t\t\t\t\t\t\t\t<\/ul>\n\t\t\t\t\t\t\t<\/div><!-- .entry-meta -->\n\t\t\t\t\t\t\t<\/div>\n\t\t\n\t<\/header><!-- .entry-header -->\n\n\t\t\t<div class=\"entry-content\">\n\t\t\tBoswellia Roxb. Ex Colebr. est un genre de plantes \u00e0 fleurs dans la famille des Burs\u00e9rac\u00e9es. Ce genre comprend 19 esp\u00e8ces r\u00e9parties en Afrique, la p\u00e9ninsule arabique et de l'Inde; 9 esp\u00e8ces sont pr\u00e9sentes...<p class=\"read-more-section\"><a class=\"btn btn-style-link btn-read-more more-link\" href=\"https:\/\/www.pharmaroma.it\/fr\/boswellia\/\">Read more<\/a><\/p>\t\t\t\t\t<\/div><!-- .entry-content -->\n\t\n\t<div class=\"liner-continer\">\n\t\t<span class=\"left-line\"><\/span>\n\t\t\n\t\t\t<ul class=\"social-icons text-center icons-design-circle icons-size-small social-share \">\n\t\t\t\t\t\t\t\t\t<li class=\"social-facebook\"><a rel=\"nofollow\" href=\"https:\/\/www.facebook.com\/sharer\/sharer.php?u=https:\/\/www.pharmaroma.it\/fr\/boswellia\/\" target=\"_blank\" class=\"\"><i class=\"fa fa-facebook\"><\/i><span class=\"basel-social-icon-name\">Facebook<\/span><\/a><\/li>\n\t\t\t\t\n\t\t\t\t\t\t\t\t\t<li class=\"social-twitter\"><a rel=\"nofollow\" href=\"https:\/\/twitter.com\/share?url=https:\/\/www.pharmaroma.it\/fr\/boswellia\/\" target=\"_blank\" class=\"\"><i class=\"fa fa-twitter\"><\/i><span class=\"basel-social-icon-name\">Twitter<\/span><\/a><\/li>\n\t\t\t\t\n\t\t\t\t\n\t\t\t\t\n\t\t\t\t\n\t\t\t\t\t\t\t\t\t<li class=\"social-pinterest\"><a rel=\"nofollow\" href=\"https:\/\/pinterest.com\/pin\/create\/button\/?url=https:\/\/www.pharmaroma.it\/fr\/boswellia\/&media=https:\/\/www.pharmaroma.it\/wp-includes\/images\/media\/default.svg\" target=\"_blank\" class=\"\"><i class=\"fa fa-pinterest\"><\/i><span class=\"basel-social-icon-name\">Pinterest<\/span><\/a><\/li>\n\t\t\t\t\n\t\t\t\t\n\t\t\t\t\t\t\t\t\t<li class=\"social-linkedin\"><a rel=\"nofollow\" href=\"https:\/\/www.linkedin.com\/shareArticle?mini=true&url=https:\/\/www.pharmaroma.it\/fr\/boswellia\/\" target=\"_blank\" class=\"\"><i class=\"fa fa-linkedin\"><\/i><span class=\"basel-social-icon-name\">LinkedIn<\/span><\/a><\/li>\n\t\t\t\t\n\t\t\t\t\n\t\t\t\t\n\t\t\t\t\n\t\t\t\t\n\t\t\t\t\n\t\t\t\t\n\t\t\t\t\n\t\t\t\t\n\t\t\t\t\t\t\t\t\n\t\t\t\t\n\t\t\t\t\n\t\t\t\t\t\t\t\t\t<li class=\"social-tg\"><a rel=\"nofollow\" href=\"https:\/\/telegram.me\/share\/url?url=https:\/\/www.pharmaroma.it\/fr\/boswellia\/\" target=\"_blank\" class=\"\"><i class=\"fa fa-telegram\"><\/i><span class=\"basel-social-icon-name\">Telegram<\/span><\/a><\/li>\n\t\t\t\t\n\t\t\t<\/ul>\n\n\t\t\t\t<span class=\"right-line\"><\/span>\n\t<\/div>\n\n\t<\/article><!-- #post -->\n\n\n<article id=\"post-651\" class=\"blog-design-default blog-post-loop blog-style- post-651 post type-post status-publish format-standard hentry category-wiki-pharmaroma-fr\">\n\t\t\t<header class=\"entry-header\">\n\t\t\n\t\t\n\t\t\t\t\t\t<div class=\"post-date\" onclick=\"\">\n\t\t\t\t<span class=\"post-date-day\">\n\t\t\t\t\t27\t\t\t\t<\/span>\n\t\t\t\t<span class=\"post-date-month\">\n\t\t\t\t\tD\u00e9c\t\t\t\t<\/span>\n\t\t\t<\/div>\n\t\t\n\t\t\t<div class=\"post-mask\">\n\t\t\t\t\t\t\t\t\t<div class=\"meta-post-categories\"><a href=\"https:\/\/www.pharmaroma.it\/fr\/category\/wiki-pharmaroma-fr\/\" rel=\"category tag\">Wiki PharmaRoma<\/a><\/div>\n\t\t\t\t\n\t\t\t\t\t\t\t\t\t<h3 class=\"entry-title\">\n\t\t\t\t\t\t<a href=\"https:\/\/www.pharmaroma.it\/fr\/ferments-lactiques\/\" rel=\"bookmark\">Ferments Lactiques<\/a>\n\t\t\t\t\t<\/h3>\n\t\t\t\t\n\t\t\t\t\t\t\t\t\t<div class=\"entry-meta basel-entry-meta\">\n\t\t\t\t\t\t\t\t\t<ul class=\"entry-meta-list\">\n\t\t\t\t\n\t\t\t\t\t\t\t\t\t\t<li class=\"modified-date\"><time class=\"updated\" datetime=\"2016-12-27T21:22:34+00:00\">27 d\u00e9cembre 2016<\/time><\/li>\n\n\t\t\t\t\t\n\t\t\t\t\t\t\t\t\t\t\t\t\t\t\t\t<li class=\"meta-author\">\n\t\t\t\t\t\t\t\t\t\t\t\t\t\t\tPosted by\t\t\t\t\t\t\t\t\t\t\t\t\t\t\t\t\t\t\t\t\t<a href=\"https:\/\/www.pharmaroma.it\/fr\/author\/prdmin\/\" rel=\"author\">\n\t\t\t\t\t\t\t\t<span class=\"vcard author author_name\">\n\t\t\t\t\t\t\t\t\t<span class=\"fn\">PharmaRoma<\/span>\n\t\t\t\t\t\t\t\t<\/span>\n\t\t\t\t\t\t\t<\/a>\n\t\t\t\t\t\t<\/li>\n\t\t\t\t\t\t\t\t\t\t\t\t\t\t\t\t\t\t\t\t\t\t\t\t\t\t\t\t\t\t\t\t\t\t\t\t\t\t\t\t\t\t\t\t\t\t\t\t\t\t\t\t\t\t\t\t\t\t\t\t\t\t<\/ul>\n\t\t\t\t\t\t\t<\/div><!-- .entry-meta -->\n\t\t\t\t\t\t\t<\/div>\n\t\t\n\t<\/header><!-- .entry-header -->\n\n\t\t\t<div class=\"entry-content\">\n\t\t\tLES PROBIOTIQUES \/ FERMENTS LACTIQUES.\r\n\r\nLa fermentation lactique est une forme de m\u00e9tabolisme \u00e9nerg\u00e9tique qui se produit dans certaines bact\u00e9ries et dans les cellules animales, en l'absence d'oxyg\u00e8ne. Elle consiste en la transformation d'une mol\u00e9cule...<p class=\"read-more-section\"><a class=\"btn btn-style-link btn-read-more more-link\" href=\"https:\/\/www.pharmaroma.it\/fr\/ferments-lactiques\/\">Read more<\/a><\/p>\t\t\t\t\t<\/div><!-- .entry-content -->\n\t\n\t<div class=\"liner-continer\">\n\t\t<span class=\"left-line\"><\/span>\n\t\t\n\t\t\t<ul class=\"social-icons text-center icons-design-circle icons-size-small social-share \">\n\t\t\t\t\t\t\t\t\t<li class=\"social-facebook\"><a rel=\"nofollow\" href=\"https:\/\/www.facebook.com\/sharer\/sharer.php?u=https:\/\/www.pharmaroma.it\/fr\/ferments-lactiques\/\" target=\"_blank\" class=\"\"><i class=\"fa fa-facebook\"><\/i><span class=\"basel-social-icon-name\">Facebook<\/span><\/a><\/li>\n\t\t\t\t\n\t\t\t\t\t\t\t\t\t<li class=\"social-twitter\"><a rel=\"nofollow\" href=\"https:\/\/twitter.com\/share?url=https:\/\/www.pharmaroma.it\/fr\/ferments-lactiques\/\" target=\"_blank\" class=\"\"><i class=\"fa fa-twitter\"><\/i><span class=\"basel-social-icon-name\">Twitter<\/span><\/a><\/li>\n\t\t\t\t\n\t\t\t\t\n\t\t\t\t\n\t\t\t\t\n\t\t\t\t\t\t\t\t\t<li class=\"social-pinterest\"><a rel=\"nofollow\" href=\"https:\/\/pinterest.com\/pin\/create\/button\/?url=https:\/\/www.pharmaroma.it\/fr\/ferments-lactiques\/&media=https:\/\/www.pharmaroma.it\/wp-includes\/images\/media\/default.svg\" target=\"_blank\" class=\"\"><i class=\"fa fa-pinterest\"><\/i><span class=\"basel-social-icon-name\">Pinterest<\/span><\/a><\/li>\n\t\t\t\t\n\t\t\t\t\n\t\t\t\t\t\t\t\t\t<li class=\"social-linkedin\"><a rel=\"nofollow\" href=\"https:\/\/www.linkedin.com\/shareArticle?mini=true&url=https:\/\/www.pharmaroma.it\/fr\/ferments-lactiques\/\" target=\"_blank\" class=\"\"><i class=\"fa fa-linkedin\"><\/i><span class=\"basel-social-icon-name\">LinkedIn<\/span><\/a><\/li>\n\t\t\t\t\n\t\t\t\t\n\t\t\t\t\n\t\t\t\t\n\t\t\t\t\n\t\t\t\t\n\t\t\t\t\n\t\t\t\t\n\t\t\t\t\n\t\t\t\t\t\t\t\t\n\t\t\t\t\n\t\t\t\t\n\t\t\t\t\t\t\t\t\t<li class=\"social-tg\"><a rel=\"nofollow\" href=\"https:\/\/telegram.me\/share\/url?url=https:\/\/www.pharmaroma.it\/fr\/ferments-lactiques\/\" target=\"_blank\" class=\"\"><i class=\"fa fa-telegram\"><\/i><span class=\"basel-social-icon-name\">Telegram<\/span><\/a><\/li>\n\t\t\t\t\n\t\t\t<\/ul>\n\n\t\t\t\t<span class=\"right-line\"><\/span>\n\t<\/div>\n\n\t<\/article><!-- #post -->\n\n\n<article id=\"post-649\" class=\"blog-design-default blog-post-loop blog-style- post-649 post type-post status-publish format-standard hentry category-wiki-pharmaroma-fr\">\n\t\t\t<header class=\"entry-header\">\n\t\t\n\t\t\n\t\t\t\t\t\t<div class=\"post-date\" onclick=\"\">\n\t\t\t\t<span class=\"post-date-day\">\n\t\t\t\t\t27\t\t\t\t<\/span>\n\t\t\t\t<span class=\"post-date-month\">\n\t\t\t\t\tD\u00e9c\t\t\t\t<\/span>\n\t\t\t<\/div>\n\t\t\n\t\t\t<div class=\"post-mask\">\n\t\t\t\t\t\t\t\t\t<div class=\"meta-post-categories\"><a href=\"https:\/\/www.pharmaroma.it\/fr\/category\/wiki-pharmaroma-fr\/\" rel=\"category tag\">Wiki PharmaRoma<\/a><\/div>\n\t\t\t\t\n\t\t\t\t\t\t\t\t\t<h3 class=\"entry-title\">\n\t\t\t\t\t\t<a href=\"https:\/\/www.pharmaroma.it\/fr\/verbascoside\/\" rel=\"bookmark\">Verbascoside<\/a>\n\t\t\t\t\t<\/h3>\n\t\t\t\t\n\t\t\t\t\t\t\t\t\t<div class=\"entry-meta basel-entry-meta\">\n\t\t\t\t\t\t\t\t\t<ul class=\"entry-meta-list\">\n\t\t\t\t\n\t\t\t\t\t\t\t\t\t\t<li class=\"modified-date\"><time class=\"updated\" datetime=\"2016-12-27T21:24:44+00:00\">27 d\u00e9cembre 2016<\/time><\/li>\n\n\t\t\t\t\t\n\t\t\t\t\t\t\t\t\t\t\t\t\t\t\t\t<li class=\"meta-author\">\n\t\t\t\t\t\t\t\t\t\t\t\t\t\t\tPosted by\t\t\t\t\t\t\t\t\t\t\t\t\t\t\t\t\t\t\t\t\t<a href=\"https:\/\/www.pharmaroma.it\/fr\/author\/prdmin\/\" rel=\"author\">\n\t\t\t\t\t\t\t\t<span class=\"vcard author author_name\">\n\t\t\t\t\t\t\t\t\t<span class=\"fn\">PharmaRoma<\/span>\n\t\t\t\t\t\t\t\t<\/span>\n\t\t\t\t\t\t\t<\/a>\n\t\t\t\t\t\t<\/li>\n\t\t\t\t\t\t\t\t\t\t\t\t\t\t\t\t\t\t\t\t\t\t\t\t\t\t\t\t\t\t\t\t\t\t\t\t\t\t\t\t\t\t\t\t\t\t\t\t\t\t\t\t\t\t\t\t\t\t\t\t\t\t<\/ul>\n\t\t\t\t\t\t\t<\/div><!-- .entry-meta -->\n\t\t\t\t\t\t\t<\/div>\n\t\t\n\t<\/header><!-- .entry-header -->\n\n\t\t\t<div class=\"entry-content\">\n\t\t\tVerbascoside est un ph\u00e9nylpropano\u00efdes et un ester de sucre d'acide caf\u00e9ique. Il peut \u00eatre trouv\u00e9 dans les esp\u00e8ces d'ordre de Lamiale (famille Scrophulariaceae, tels que Verbascum phlomoides et Verbascum mallophorum. Il peut \u00e9galement \u00eatre...<p class=\"read-more-section\"><a class=\"btn btn-style-link btn-read-more more-link\" href=\"https:\/\/www.pharmaroma.it\/fr\/verbascoside\/\">Read more<\/a><\/p>\t\t\t\t\t<\/div><!-- .entry-content -->\n\t\n\t<div class=\"liner-continer\">\n\t\t<span class=\"left-line\"><\/span>\n\t\t\n\t\t\t<ul class=\"social-icons text-center icons-design-circle icons-size-small social-share \">\n\t\t\t\t\t\t\t\t\t<li class=\"social-facebook\"><a rel=\"nofollow\" href=\"https:\/\/www.facebook.com\/sharer\/sharer.php?u=https:\/\/www.pharmaroma.it\/fr\/verbascoside\/\" target=\"_blank\" class=\"\"><i class=\"fa fa-facebook\"><\/i><span class=\"basel-social-icon-name\">Facebook<\/span><\/a><\/li>\n\t\t\t\t\n\t\t\t\t\t\t\t\t\t<li class=\"social-twitter\"><a rel=\"nofollow\" href=\"https:\/\/twitter.com\/share?url=https:\/\/www.pharmaroma.it\/fr\/verbascoside\/\" target=\"_blank\" class=\"\"><i class=\"fa fa-twitter\"><\/i><span class=\"basel-social-icon-name\">Twitter<\/span><\/a><\/li>\n\t\t\t\t\n\t\t\t\t\n\t\t\t\t\n\t\t\t\t\n\t\t\t\t\t\t\t\t\t<li class=\"social-pinterest\"><a rel=\"nofollow\" href=\"https:\/\/pinterest.com\/pin\/create\/button\/?url=https:\/\/www.pharmaroma.it\/fr\/verbascoside\/&media=https:\/\/www.pharmaroma.it\/wp-includes\/images\/media\/default.svg\" target=\"_blank\" class=\"\"><i class=\"fa fa-pinterest\"><\/i><span class=\"basel-social-icon-name\">Pinterest<\/span><\/a><\/li>\n\t\t\t\t\n\t\t\t\t\n\t\t\t\t\t\t\t\t\t<li class=\"social-linkedin\"><a rel=\"nofollow\" href=\"https:\/\/www.linkedin.com\/shareArticle?mini=true&url=https:\/\/www.pharmaroma.it\/fr\/verbascoside\/\" target=\"_blank\" class=\"\"><i class=\"fa fa-linkedin\"><\/i><span class=\"basel-social-icon-name\">LinkedIn<\/span><\/a><\/li>\n\t\t\t\t\n\t\t\t\t\n\t\t\t\t\n\t\t\t\t\n\t\t\t\t\n\t\t\t\t\n\t\t\t\t\n\t\t\t\t\n\t\t\t\t\n\t\t\t\t\t\t\t\t\n\t\t\t\t\n\t\t\t\t\n\t\t\t\t\t\t\t\t\t<li class=\"social-tg\"><a rel=\"nofollow\" href=\"https:\/\/telegram.me\/share\/url?url=https:\/\/www.pharmaroma.it\/fr\/verbascoside\/\" target=\"_blank\" class=\"\"><i class=\"fa fa-telegram\"><\/i><span class=\"basel-social-icon-name\">Telegram<\/span><\/a><\/li>\n\t\t\t\t\n\t\t\t<\/ul>\n\n\t\t\t\t<span class=\"right-line\"><\/span>\n\t<\/div>\n\n\t<\/article><!-- #post -->\n\n\n<article id=\"post-625\" class=\"blog-design-default blog-post-loop blog-style- post-625 post type-post status-publish format-standard hentry category-wiki-pharmaroma-fr\">\n\t\t\t<header class=\"entry-header\">\n\t\t\n\t\t\n\t\t\t\t\t\t<div class=\"post-date\" onclick=\"\">\n\t\t\t\t<span class=\"post-date-day\">\n\t\t\t\t\t26\t\t\t\t<\/span>\n\t\t\t\t<span class=\"post-date-month\">\n\t\t\t\t\tNov\t\t\t\t<\/span>\n\t\t\t<\/div>\n\t\t\n\t\t\t<div class=\"post-mask\">\n\t\t\t\t\t\t\t\t\t<div class=\"meta-post-categories\"><a href=\"https:\/\/www.pharmaroma.it\/fr\/category\/wiki-pharmaroma-fr\/\" rel=\"category tag\">Wiki PharmaRoma<\/a><\/div>\n\t\t\t\t\n\t\t\t\t\t\t\t\t\t<h3 class=\"entry-title\">\n\t\t\t\t\t\t<a href=\"https:\/\/www.pharmaroma.it\/fr\/les-maladies-courantes-de-la-peau\/\" rel=\"bookmark\">Les maladies courantes de la peau<\/a>\n\t\t\t\t\t<\/h3>\n\t\t\t\t\n\t\t\t\t\t\t\t\t\t<div class=\"entry-meta basel-entry-meta\">\n\t\t\t\t\t\t\t\t\t<ul class=\"entry-meta-list\">\n\t\t\t\t\n\t\t\t\t\t\t\t\t\t\t<li class=\"modified-date\"><time class=\"updated\" datetime=\"2016-12-27T21:30:21+00:00\">27 d\u00e9cembre 2016<\/time><\/li>\n\n\t\t\t\t\t\n\t\t\t\t\t\t\t\t\t\t\t\t\t\t\t\t<li class=\"meta-author\">\n\t\t\t\t\t\t\t\t\t\t\t\t\t\t\tPosted by\t\t\t\t\t\t\t\t\t\t\t\t\t\t\t\t\t\t\t\t\t<a href=\"https:\/\/www.pharmaroma.it\/fr\/author\/prdmin\/\" rel=\"author\">\n\t\t\t\t\t\t\t\t<span class=\"vcard author author_name\">\n\t\t\t\t\t\t\t\t\t<span class=\"fn\">PharmaRoma<\/span>\n\t\t\t\t\t\t\t\t<\/span>\n\t\t\t\t\t\t\t<\/a>\n\t\t\t\t\t\t<\/li>\n\t\t\t\t\t\t\t\t\t\t\t\t\t\t\t\t\t\t\t\t\t\t\t\t\t\t\t\t\t\t\t\t\t\t\t\t\t\t\t\t\t\t\t\t\t\t\t\t\t\t\t\t\t\t\t\t\t\t\t\t\t\t<\/ul>\n\t\t\t\t\t\t\t<\/div><!-- .entry-meta -->\n\t\t\t\t\t\t\t<\/div>\n\t\t\n\t<\/header><!-- .entry-header -->\n\n\t\t\t<div class=\"entry-content\">\n\t\t\tLes maladies courantes de la peau\r\nIl y a beaucoup de maladies de la peau qui peuvent affecter l'\u00eatre humain, de mani\u00e8re plus ou moins intrusive, accompagn\u00e9s par des d\u00e9mangeaisons ou non. Pour toute information,...<p class=\"read-more-section\"><a class=\"btn btn-style-link btn-read-more more-link\" href=\"https:\/\/www.pharmaroma.it\/fr\/les-maladies-courantes-de-la-peau\/\">Read more<\/a><\/p>\t\t\t\t\t<\/div><!-- .entry-content -->\n\t\n\t<div class=\"liner-continer\">\n\t\t<span class=\"left-line\"><\/span>\n\t\t\n\t\t\t<ul class=\"social-icons text-center icons-design-circle icons-size-small social-share \">\n\t\t\t\t\t\t\t\t\t<li class=\"social-facebook\"><a rel=\"nofollow\" href=\"https:\/\/www.facebook.com\/sharer\/sharer.php?u=https:\/\/www.pharmaroma.it\/fr\/les-maladies-courantes-de-la-peau\/\" target=\"_blank\" class=\"\"><i class=\"fa fa-facebook\"><\/i><span class=\"basel-social-icon-name\">Facebook<\/span><\/a><\/li>\n\t\t\t\t\n\t\t\t\t\t\t\t\t\t<li class=\"social-twitter\"><a rel=\"nofollow\" href=\"https:\/\/twitter.com\/share?url=https:\/\/www.pharmaroma.it\/fr\/les-maladies-courantes-de-la-peau\/\" target=\"_blank\" class=\"\"><i class=\"fa fa-twitter\"><\/i><span class=\"basel-social-icon-name\">Twitter<\/span><\/a><\/li>\n\t\t\t\t\n\t\t\t\t\n\t\t\t\t\n\t\t\t\t\n\t\t\t\t\t\t\t\t\t<li class=\"social-pinterest\"><a rel=\"nofollow\" href=\"https:\/\/pinterest.com\/pin\/create\/button\/?url=https:\/\/www.pharmaroma.it\/fr\/les-maladies-courantes-de-la-peau\/&media=https:\/\/www.pharmaroma.it\/wp-includes\/images\/media\/default.svg\" target=\"_blank\" class=\"\"><i class=\"fa fa-pinterest\"><\/i><span class=\"basel-social-icon-name\">Pinterest<\/span><\/a><\/li>\n\t\t\t\t\n\t\t\t\t\n\t\t\t\t\t\t\t\t\t<li class=\"social-linkedin\"><a rel=\"nofollow\" href=\"https:\/\/www.linkedin.com\/shareArticle?mini=true&url=https:\/\/www.pharmaroma.it\/fr\/les-maladies-courantes-de-la-peau\/\" target=\"_blank\" class=\"\"><i class=\"fa fa-linkedin\"><\/i><span class=\"basel-social-icon-name\">LinkedIn<\/span><\/a><\/li>\n\t\t\t\t\n\t\t\t\t\n\t\t\t\t\n\t\t\t\t\n\t\t\t\t\n\t\t\t\t\n\t\t\t\t\n\t\t\t\t\n\t\t\t\t\n\t\t\t\t\t\t\t\t\n\t\t\t\t\n\t\t\t\t\n\t\t\t\t\t\t\t\t\t<li class=\"social-tg\"><a rel=\"nofollow\" href=\"https:\/\/telegram.me\/share\/url?url=https:\/\/www.pharmaroma.it\/fr\/les-maladies-courantes-de-la-peau\/\" target=\"_blank\" class=\"\"><i class=\"fa fa-telegram\"><\/i><span class=\"basel-social-icon-name\">Telegram<\/span><\/a><\/li>\n\t\t\t\t\n\t\t\t<\/ul>\n\n\t\t\t\t<span class=\"right-line\"><\/span>\n\t<\/div>\n\n\t<\/article><!-- #post -->\n\n<\/div>[\/vc_column][\/vc_row]<\/p>\n","protected":false},"excerpt":{"rendered":"<p>[vc_row][vc_column][\/vc_column][\/vc_row]<\/p>\n","protected":false},"author":5,"featured_media":0,"parent":0,"menu_order":0,"comment_status":"closed","ping_status":"closed","template":"","meta":{"footnotes":""},"class_list":["post-603","page","type-page","status-publish","hentry"],"yoast_head":"<!-- This site is optimized with the Yoast SEO plugin v27.0 - https:\/\/yoast.com\/product\/yoast-seo-wordpress\/ -->\n<title>Mercerie et Recherche - PHARMA ROMA 2005<\/title>\n<meta name=\"robots\" content=\"index, follow, max-snippet:-1, max-image-preview:large, max-video-preview:-1\" \/>\n<link rel=\"canonical\" href=\"https:\/\/www.pharmaroma.it\/nozioni-e-ricerca\/\" \/>\n<meta property=\"og:locale\" content=\"fr_FR\" \/>\n<meta property=\"og:type\" content=\"article\" \/>\n<meta property=\"og:title\" content=\"Mercerie et Recherche - PHARMA ROMA 2005\" \/>\n<meta property=\"og:description\" content=\"[vc_row][vc_column][\/vc_column][\/vc_row]\" \/>\n<meta property=\"og:url\" content=\"https:\/\/www.pharmaroma.it\/nozioni-e-ricerca\/\" \/>\n<meta property=\"og:site_name\" content=\"PHARMA ROMA 2005\" \/>\n<meta property=\"article:modified_time\" content=\"2016-12-27T22:15:02+00:00\" \/>\n<meta name=\"twitter:card\" content=\"summary_large_image\" \/>\n<script type=\"application\/ld+json\" class=\"yoast-schema-graph\">{\"@context\":\"https:\/\/schema.org\",\"@graph\":[{\"@type\":\"WebPage\",\"@id\":\"https:\/\/www.pharmaroma.it\/nozioni-e-ricerca\/\",\"url\":\"https:\/\/www.pharmaroma.it\/nozioni-e-ricerca\/\",\"name\":\"Mercerie et Recherche - PHARMA ROMA 2005\",\"isPartOf\":{\"@id\":\"https:\/\/www.pharmaroma.it\/#website\"},\"datePublished\":\"2016-12-09T21:27:48+00:00\",\"dateModified\":\"2016-12-27T22:15:02+00:00\",\"breadcrumb\":{\"@id\":\"https:\/\/www.pharmaroma.it\/nozioni-e-ricerca\/#breadcrumb\"},\"inLanguage\":\"fr-FR\",\"potentialAction\":[{\"@type\":\"ReadAction\",\"target\":[\"https:\/\/www.pharmaroma.it\/nozioni-e-ricerca\/\"]}]},{\"@type\":\"BreadcrumbList\",\"@id\":\"https:\/\/www.pharmaroma.it\/nozioni-e-ricerca\/#breadcrumb\",\"itemListElement\":[{\"@type\":\"ListItem\",\"position\":1,\"name\":\"Home\",\"item\":\"https:\/\/www.pharmaroma.it\/fr\/\"},{\"@type\":\"ListItem\",\"position\":2,\"name\":\"Mercerie et Recherche\"}]},{\"@type\":\"WebSite\",\"@id\":\"https:\/\/www.pharmaroma.it\/#website\",\"url\":\"https:\/\/www.pharmaroma.it\/\",\"name\":\"PHARMA ROMA 2005\",\"description\":\"Prodotti Dermatologici Roma\",\"potentialAction\":[{\"@type\":\"SearchAction\",\"target\":{\"@type\":\"EntryPoint\",\"urlTemplate\":\"https:\/\/www.pharmaroma.it\/?s={search_term_string}\"},\"query-input\":{\"@type\":\"PropertyValueSpecification\",\"valueRequired\":true,\"valueName\":\"search_term_string\"}}],\"inLanguage\":\"fr-FR\"}]}<\/script>\n<!-- \/ Yoast SEO plugin. -->","yoast_head_json":{"title":"Mercerie et Recherche - PHARMA ROMA 2005","robots":{"index":"index","follow":"follow","max-snippet":"max-snippet:-1","max-image-preview":"max-image-preview:large","max-video-preview":"max-video-preview:-1"},"canonical":"https:\/\/www.pharmaroma.it\/nozioni-e-ricerca\/","og_locale":"fr_FR","og_type":"article","og_title":"Mercerie et Recherche - PHARMA ROMA 2005","og_description":"[vc_row][vc_column][\/vc_column][\/vc_row]","og_url":"https:\/\/www.pharmaroma.it\/nozioni-e-ricerca\/","og_site_name":"PHARMA ROMA 2005","article_modified_time":"2016-12-27T22:15:02+00:00","twitter_card":"summary_large_image","schema":{"@context":"https:\/\/schema.org","@graph":[{"@type":"WebPage","@id":"https:\/\/www.pharmaroma.it\/nozioni-e-ricerca\/","url":"https:\/\/www.pharmaroma.it\/nozioni-e-ricerca\/","name":"Mercerie et Recherche - PHARMA ROMA 2005","isPartOf":{"@id":"https:\/\/www.pharmaroma.it\/#website"},"datePublished":"2016-12-09T21:27:48+00:00","dateModified":"2016-12-27T22:15:02+00:00","breadcrumb":{"@id":"https:\/\/www.pharmaroma.it\/nozioni-e-ricerca\/#breadcrumb"},"inLanguage":"fr-FR","potentialAction":[{"@type":"ReadAction","target":["https:\/\/www.pharmaroma.it\/nozioni-e-ricerca\/"]}]},{"@type":"BreadcrumbList","@id":"https:\/\/www.pharmaroma.it\/nozioni-e-ricerca\/#breadcrumb","itemListElement":[{"@type":"ListItem","position":1,"name":"Home","item":"https:\/\/www.pharmaroma.it\/fr\/"},{"@type":"ListItem","position":2,"name":"Mercerie et Recherche"}]},{"@type":"WebSite","@id":"https:\/\/www.pharmaroma.it\/#website","url":"https:\/\/www.pharmaroma.it\/","name":"PHARMA ROMA 2005","description":"Prodotti Dermatologici Roma","potentialAction":[{"@type":"SearchAction","target":{"@type":"EntryPoint","urlTemplate":"https:\/\/www.pharmaroma.it\/?s={search_term_string}"},"query-input":{"@type":"PropertyValueSpecification","valueRequired":true,"valueName":"search_term_string"}}],"inLanguage":"fr-FR"}]}},"_links":{"self":[{"href":"https:\/\/www.pharmaroma.it\/fr\/wp-json\/wp\/v2\/pages\/603","targetHints":{"allow":["GET"]}}],"collection":[{"href":"https:\/\/www.pharmaroma.it\/fr\/wp-json\/wp\/v2\/pages"}],"about":[{"href":"https:\/\/www.pharmaroma.it\/fr\/wp-json\/wp\/v2\/types\/page"}],"author":[{"embeddable":true,"href":"https:\/\/www.pharmaroma.it\/fr\/wp-json\/wp\/v2\/users\/5"}],"replies":[{"embeddable":true,"href":"https:\/\/www.pharmaroma.it\/fr\/wp-json\/wp\/v2\/comments?post=603"}],"version-history":[{"count":1,"href":"https:\/\/www.pharmaroma.it\/fr\/wp-json\/wp\/v2\/pages\/603\/revisions"}],"predecessor-version":[{"id":606,"href":"https:\/\/www.pharmaroma.it\/fr\/wp-json\/wp\/v2\/pages\/603\/revisions\/606"}],"wp:attachment":[{"href":"https:\/\/www.pharmaroma.it\/fr\/wp-json\/wp\/v2\/media?parent=603"}],"curies":[{"name":"wp","href":"https:\/\/api.w.org\/{rel}","templated":true}]}}