{"id":522,"date":"2015-11-13T11:19:19","date_gmt":"2015-11-13T11:19:19","guid":{"rendered":"http:\/\/www.pharmaroma.it\/termini-e-condizioni-di-vendita\/"},"modified":"2017-01-08T20:31:55","modified_gmt":"2017-01-08T20:31:55","slug":"conditions-de-vente","status":"publish","type":"page","link":"https:\/\/www.pharmaroma.it\/fr\/conditions-de-vente\/","title":{"rendered":"Conditions de Vente"},"content":{"rendered":"<p>Conditions g\u00e9n\u00e9rales d&#8217;utilisation<br \/>\n<strong>CONDITIONS DE VENTE<\/strong><br \/>\nLes conditions de vente et les paragraphes qui suivent r\u00e9gissent l&#8217;offre et la vente de produits de notre site Web pharmaroma.it.<br \/>\nLa vente sur le portail est r\u00e9alis\u00e9e par Pharmaroma 2005 Srl bas\u00e9e \u00e0 Rome, \u00e0 l&#8217;adresse suivante: Via Norcia, 22 &#8211; P.IVA 06820221007.<br \/>\nNotre service et le service client r\u00e9pond \u00e0:<\/p>\n<p>Pharmaroma 2005 Srl<\/p>\n<p>Via Norcia, 22-00181 Rome<br \/>\ninfo@pharmaroma.it<\/p>\n<p><strong>COMMANDE<\/strong><br \/>\nLes commandes peuvent \u00eatre faites:<br \/>\nEn Ligne sur: pharmaroma.it<br \/>\nPar e-mail: info@pharmaroma.it<\/p>\n<p><strong>ARTICLES<\/strong><br \/>\nLes producteurs des articles pr\u00e9sents peuvent apporter des modifications ou des am\u00e9liorations \u00e0 leurs produits sans avertissement donc les photos peuvent ne pas correspondre parfaitement aux photos pr\u00e9sent\u00e9es sur notre site, cela ne d\u00e9pent en aucun cas de notre volont\u00e9 et cela ne peut pas \u00eatre une raison de contestation.<br \/>\nLes couleurs des produits vendus peuvent varier d&#8217;un \u00e9cran \u00e0 l&#8217;autre et en aucun cas cela peut \u00eatre objet de contestation.<\/p>\n<p><strong>PRIX<\/strong><br \/>\nLes prix indiqu\u00e9s sur le site incluent la TVA et les co\u00fbts connexes de l&#8217;unit\u00e9 de vente.<\/p>\n<p><strong>PAIEMENTS<\/strong><br \/>\nLe client peut officialiser l&#8217;achat \u00e0 travers les modes de paiement suivants:<br \/>\n&#8211; Carte de cr\u00e9dit avec la m\u00e9thode PAYPAL<br \/>\n&#8211; virement bancaire<br \/>\nPour les paiements avec carte de cr\u00e9dit les donn\u00e9es sensibles du client (num\u00e9ro de carte de cr\u00e9dit, date d&#8217;expiration, etc.) passeront uniquement via le site PAYPAL qui assurera l&#8217;utilisation garantissant une s\u00e9curit\u00e9 maximale.<\/p>\n<p><strong>CONFIRMATION DE COMMANDE<\/strong><br \/>\nLe client recevra une confirmation de la commande dans l&#8217;espace priv\u00e9 r\u00e9serv\u00e9 au client et une autre par courriel \u00e9lectronique avec un r\u00e9sum\u00e9 des produits command\u00e9s, de leur prix, les co\u00fbts suppl\u00e9mentaires et les frais de livraison.<\/p>\n<p><strong>EXECUTION DE COMMANDE<\/strong><br \/>\nLes produits disponibles dans nos magasins seront livr\u00e9s en 48\/72 heures, ou 96\/120 dans le cas d&#8217;ordre sup\u00e9rieur \u00e0 500 \u20ac.<br \/>\nSi les produits ne sont pas disponibles dans nos magasins ils seront trait\u00e9es aussi rapidement que possible. Tous les d\u00e9tails de la livraison seront communiqu\u00e9s au client mais elle ne sera jamais plus de 30 jours d&#8217;attente sous peine d&#8217;annulation (DL 185 du 22 mai 1999) ou le client sera rembours\u00e9 int\u00e9gralement de sa somme, sauf accord contraire entre Pharmaroma 2005 srl et le client.<\/p>\n<p><strong>L&#8217;ENVOI<\/strong><br \/>\nLes exp\u00e9ditions int\u00e9rieures sont par livreur priv\u00e9.<br \/>\nLes frais de port pour l&#8217;Italie sont  de 8,00 \u20ac TVA incluse.<br \/>\nPour les commandes sup\u00e9rieur \u00e0 120,00\u20ac la livraison est gratuite en Italie.<br \/>\nToute marchandise qui quitte notre si\u00e8ge sera livr\u00e9e dans toute l&#8217;Italie dans les 48\/72 heures en fonction de la destination, sauf circonstances impr\u00e9vues.<\/p>\n<p><strong>LIVRAISON DU PRODUIT ET INT\u00c9GRIT\u00c9  DES COLIS<\/strong><br \/>\nD\u00e8s r\u00e9ception du ou des colis, il est recommand\u00e9 de v\u00e9rifier l&#8217;int\u00e9grit\u00e9 et le nombre exact de colis re\u00e7us, comme indiqu\u00e9 sur la commande du livreur.<br \/>\nSi des anomalies sont constat\u00e9es le client peut signer l&#8217;accus\u00e9 de r\u00e9ception &#8220;sous r\u00e9serve de d\u00e9ballage&#8221; . Les documents de vente (re\u00e7us, factures, re\u00e7us, etc.) sont situ\u00e9s \u00e0 l&#8217;int\u00e9rieur du paquet.<\/p>\n<p><strong>DROIT DE R\u00c9TRACTATION <\/strong><br \/>\nLes clients qui demandent la facture et donc feront un usage professionnel des produits ne b\u00e9n\u00e9ficieront pas du droit de r\u00e9tractation.<br \/>\nLe particulier a le droit de r\u00e9silier le contrat sans explication ni d\u00e9penses suppl\u00e9mentaires dans les 10 jours suivant la r\u00e9ception des marchandises en donnant un avis par courrier recommand\u00e9, par fax ou par e-mail \u00e0 la soci\u00e9t\u00e9 Pharmaroma srl en indiquant les \u00e9l\u00e9ments qui seront resitu\u00e9s.<br \/>\nLes produits sans l&#8217;emballage d&#8217;origine, sans \u00e9tiquette ou qui ont \u00e9t\u00e9 utilis\u00e9s ne seront pas pris en consid\u00e9ration.<br \/>\nLes frais de retour des marchandises sont \u00e0 la charge du client.<\/p>\n<p><strong>TEMPS ET MODALIT\u00c9 DE REMBOURSEMENT<\/strong><br \/>\nSuite \u00e0 la restitution du produit Pharmaroma 2005 srl proc\u00e9dera \u00e0 des v\u00e9rifications de l&#8217;\u00e9tat du produit et le respect des d\u00e9lais (comme indiqu\u00e9 dans le paragraphe pr\u00e9c\u00e9dent).<br \/>\nLe remboursement sera effectu\u00e9 par virement bancaire dans les 30 jours de la manifestation du droit de r\u00e9tractation par le client lors de la r\u00e9ception de la marchandise.<br \/>\nS&#8217;il n&#8217;y a pas de correspondance entre la personne effectuant le paiement des marchandises et qui a re\u00e7u la marchandise, Pharmaroma 2005 S.r.l .. remboursera qui aura effectuer le paiement.<\/p>\n<p><strong>PROTECTION DE LA CONFIDENTIALIT\u00c9 <\/strong><br \/>\nSelon les dispositions du d\u00e9cret l\u00e9gislatif 30 Juin 2003, n. 196 sur la protection des donn\u00e9es personnelles, vous avez le droit \u00e0 tout moment de consulter, de modifier ou de supprimer vos informations dans nos archives.<br \/>\nLe propri\u00e9taire du traitement des donn\u00e9es est Pharmaroma 2005 srl dont le si\u00e8ge est \u00e0 l&#8217;adresses suivante: Via Norcia, 22-00181 &#8211; Rome<br \/>\nTous traitements li\u00e9s aux services web de ce site ont lieu dans les bureaux de Pharmaroma 2005 srl et ne sont manipul\u00e9s que par le personnel en charge du traitement, ou par d&#8217;autres personnes charg\u00e9es d&#8217;op\u00e9rations occasionnelles de maintenance.<br \/>\nLe traitement des donn\u00e9es se fait sur la base du stockage dans des fichiers \u00e9lectroniques ou sur papier au si\u00e8ge de la soci\u00e9t\u00e9.<br \/>\nAucune donn\u00e9e venant du service web ne sera communiqu\u00e9 ou diffus.<br \/>\nLes donn\u00e9es personnelles fournies par les utilisateurs qu&#8217;ils transmettent pour des demandes d&#8217;envoi de mat\u00e9riel informatif, offres via e-mail, demandes de renseignements, catalogues etc.) ne sont utilis\u00e9s que pour effectuer le service ou l&#8217;assistance demand\u00e9e et sont communiqu\u00e9es \u00e0 des tiers seulement si lorsque cela est n\u00e9cessaire \u00e0 cette fin.<br \/>\nLes donn\u00e9es personnelles sont trait\u00e9es pendant le temps strictement n\u00e9cessaire pour atteindre les fins pour lesquelles elles ont \u00e9t\u00e9 collect\u00e9es.<\/p>\n<p><strong>COMP\u00c9TENCE<\/strong><br \/>\nCes conditions g\u00e9n\u00e9rales de vente sont r\u00e9gies par la loi italienne.<br \/>\nTout litige sera tranch\u00e9 par la Cour de Rome.<\/p>\n","protected":false},"excerpt":{"rendered":"<p>yes<\/p>\n","protected":false},"author":5,"featured_media":0,"parent":0,"menu_order":0,"comment_status":"closed","ping_status":"closed","template":"","meta":{"footnotes":""},"class_list":["post-522","page","type-page","status-publish","hentry"],"yoast_head":"<!-- This site is optimized with the Yoast SEO plugin v27.0 - https:\/\/yoast.com\/product\/yoast-seo-wordpress\/ -->\n<title>Conditions de Vente - PHARMA ROMA 2005<\/title>\n<meta name=\"robots\" content=\"index, follow, max-snippet:-1, max-image-preview:large, max-video-preview:-1\" \/>\n<link rel=\"canonical\" href=\"https:\/\/www.pharmaroma.it\/termini-e-condizioni-di-vendita\/\" \/>\n<meta property=\"og:locale\" content=\"fr_FR\" \/>\n<meta property=\"og:type\" content=\"article\" \/>\n<meta property=\"og:title\" content=\"Conditions de Vente - PHARMA ROMA 2005\" \/>\n<meta property=\"og:description\" content=\"yes\" \/>\n<meta property=\"og:url\" content=\"https:\/\/www.pharmaroma.it\/termini-e-condizioni-di-vendita\/\" \/>\n<meta property=\"og:site_name\" content=\"PHARMA ROMA 2005\" \/>\n<meta property=\"article:modified_time\" content=\"2017-01-08T20:31:55+00:00\" \/>\n<meta name=\"twitter:card\" content=\"summary_large_image\" \/>\n<meta name=\"twitter:label1\" content=\"Dur\u00e9e de lecture estim\u00e9e\" \/>\n\t<meta name=\"twitter:data1\" content=\"5 minutes\" \/>\n<script type=\"application\/ld+json\" class=\"yoast-schema-graph\">{\"@context\":\"https:\/\/schema.org\",\"@graph\":[{\"@type\":\"WebPage\",\"@id\":\"https:\/\/www.pharmaroma.it\/termini-e-condizioni-di-vendita\/\",\"url\":\"https:\/\/www.pharmaroma.it\/termini-e-condizioni-di-vendita\/\",\"name\":\"Conditions de Vente - PHARMA ROMA 2005\",\"isPartOf\":{\"@id\":\"https:\/\/www.pharmaroma.it\/#website\"},\"datePublished\":\"2015-11-13T11:19:19+00:00\",\"dateModified\":\"2017-01-08T20:31:55+00:00\",\"breadcrumb\":{\"@id\":\"https:\/\/www.pharmaroma.it\/termini-e-condizioni-di-vendita\/#breadcrumb\"},\"inLanguage\":\"fr-FR\",\"potentialAction\":[{\"@type\":\"ReadAction\",\"target\":[\"https:\/\/www.pharmaroma.it\/termini-e-condizioni-di-vendita\/\"]}]},{\"@type\":\"BreadcrumbList\",\"@id\":\"https:\/\/www.pharmaroma.it\/termini-e-condizioni-di-vendita\/#breadcrumb\",\"itemListElement\":[{\"@type\":\"ListItem\",\"position\":1,\"name\":\"Home\",\"item\":\"https:\/\/www.pharmaroma.it\/fr\/\"},{\"@type\":\"ListItem\",\"position\":2,\"name\":\"Conditions de Vente\"}]},{\"@type\":\"WebSite\",\"@id\":\"https:\/\/www.pharmaroma.it\/#website\",\"url\":\"https:\/\/www.pharmaroma.it\/\",\"name\":\"PHARMA ROMA 2005\",\"description\":\"Prodotti Dermatologici Roma\",\"potentialAction\":[{\"@type\":\"SearchAction\",\"target\":{\"@type\":\"EntryPoint\",\"urlTemplate\":\"https:\/\/www.pharmaroma.it\/?s={search_term_string}\"},\"query-input\":{\"@type\":\"PropertyValueSpecification\",\"valueRequired\":true,\"valueName\":\"search_term_string\"}}],\"inLanguage\":\"fr-FR\"}]}<\/script>\n<!-- \/ Yoast SEO plugin. -->","yoast_head_json":{"title":"Conditions de Vente - PHARMA ROMA 2005","robots":{"index":"index","follow":"follow","max-snippet":"max-snippet:-1","max-image-preview":"max-image-preview:large","max-video-preview":"max-video-preview:-1"},"canonical":"https:\/\/www.pharmaroma.it\/termini-e-condizioni-di-vendita\/","og_locale":"fr_FR","og_type":"article","og_title":"Conditions de Vente - PHARMA ROMA 2005","og_description":"yes","og_url":"https:\/\/www.pharmaroma.it\/termini-e-condizioni-di-vendita\/","og_site_name":"PHARMA ROMA 2005","article_modified_time":"2017-01-08T20:31:55+00:00","twitter_card":"summary_large_image","twitter_misc":{"Dur\u00e9e de lecture estim\u00e9e":"5 minutes"},"schema":{"@context":"https:\/\/schema.org","@graph":[{"@type":"WebPage","@id":"https:\/\/www.pharmaroma.it\/termini-e-condizioni-di-vendita\/","url":"https:\/\/www.pharmaroma.it\/termini-e-condizioni-di-vendita\/","name":"Conditions de Vente - PHARMA ROMA 2005","isPartOf":{"@id":"https:\/\/www.pharmaroma.it\/#website"},"datePublished":"2015-11-13T11:19:19+00:00","dateModified":"2017-01-08T20:31:55+00:00","breadcrumb":{"@id":"https:\/\/www.pharmaroma.it\/termini-e-condizioni-di-vendita\/#breadcrumb"},"inLanguage":"fr-FR","potentialAction":[{"@type":"ReadAction","target":["https:\/\/www.pharmaroma.it\/termini-e-condizioni-di-vendita\/"]}]},{"@type":"BreadcrumbList","@id":"https:\/\/www.pharmaroma.it\/termini-e-condizioni-di-vendita\/#breadcrumb","itemListElement":[{"@type":"ListItem","position":1,"name":"Home","item":"https:\/\/www.pharmaroma.it\/fr\/"},{"@type":"ListItem","position":2,"name":"Conditions de Vente"}]},{"@type":"WebSite","@id":"https:\/\/www.pharmaroma.it\/#website","url":"https:\/\/www.pharmaroma.it\/","name":"PHARMA ROMA 2005","description":"Prodotti Dermatologici Roma","potentialAction":[{"@type":"SearchAction","target":{"@type":"EntryPoint","urlTemplate":"https:\/\/www.pharmaroma.it\/?s={search_term_string}"},"query-input":{"@type":"PropertyValueSpecification","valueRequired":true,"valueName":"search_term_string"}}],"inLanguage":"fr-FR"}]}},"_links":{"self":[{"href":"https:\/\/www.pharmaroma.it\/fr\/wp-json\/wp\/v2\/pages\/522","targetHints":{"allow":["GET"]}}],"collection":[{"href":"https:\/\/www.pharmaroma.it\/fr\/wp-json\/wp\/v2\/pages"}],"about":[{"href":"https:\/\/www.pharmaroma.it\/fr\/wp-json\/wp\/v2\/types\/page"}],"author":[{"embeddable":true,"href":"https:\/\/www.pharmaroma.it\/fr\/wp-json\/wp\/v2\/users\/5"}],"replies":[{"embeddable":true,"href":"https:\/\/www.pharmaroma.it\/fr\/wp-json\/wp\/v2\/comments?post=522"}],"version-history":[{"count":2,"href":"https:\/\/www.pharmaroma.it\/fr\/wp-json\/wp\/v2\/pages\/522\/revisions"}],"predecessor-version":[{"id":664,"href":"https:\/\/www.pharmaroma.it\/fr\/wp-json\/wp\/v2\/pages\/522\/revisions\/664"}],"wp:attachment":[{"href":"https:\/\/www.pharmaroma.it\/fr\/wp-json\/wp\/v2\/media?parent=522"}],"curies":[{"name":"wp","href":"https:\/\/api.w.org\/{rel}","templated":true}]}}