{"id":501,"date":"2015-11-05T11:50:29","date_gmt":"2015-11-05T11:50:29","guid":{"rendered":"http:\/\/www.pharmaroma.it\/sample-page\/"},"modified":"2016-12-12T21:17:44","modified_gmt":"2016-12-12T21:17:44","slug":"sample-page","status":"publish","type":"page","link":"https:\/\/www.pharmaroma.it\/fr\/","title":{"rendered":"Homepage"},"content":{"rendered":"<p>[vc_row][vc_column][vc_single_image image=&#8221;479&#8243; img_size=&#8221;full&#8221; alignment=&#8221;center&#8221;][\/vc_column][\/vc_row][vc_row][vc_column][vc_column_text]<\/p>\n<h2>PharmaRoma Produits Dermatologiques<\/h2>\n<h4>Pr\u00e9vention, soins et traitement de votre peau sensible et d\u00e9licate<\/h4>\n<p>Les produits de la ligne Pharmaroma sont essentiels dans la pr\u00e9vention, les soins et le traitement des peaux sensibles et d\u00e9licates. Les produits dermatologiques de la lignes Pharmaroma ont \u00e9t\u00e9 porduits exclusivement en Italie en suivant rigoureusement des proc\u00e9dures de qualit\u00e9.Selon les universit\u00e9s et les experts de l&#8217;industrie des normes europ\u00e9ennes de qualit\u00e9, ces produits sont consid\u00e9r\u00e9s comme une gamme d&#8217;excellence. Compte tenu des propri\u00e9t\u00e9s particuli\u00e8res ces produits sont recommand\u00e9es pour les peaux sensibles et d\u00e9licates soumises, \u00e9galement, au stress th\u00e9rapeutique.[\/vc_column_text][\/vc_column][\/vc_row][vc_row][vc_column][vc_masonry_grid post_type=&#8221;product&#8221; max_items=&#8221;10&#8243; style=&#8221;load-more&#8221; items_per_page=&#8221;4&#8243; show_filter=&#8221;yes&#8221; element_width=&#8221;3&#8243; gap=&#8221;20&#8243; orderby=&#8221;rand&#8221; filter_style=&#8221;filled&#8221; filter_default_title=&#8221;Tutti i prodotti&#8221; item=&#8221;masonryGrid_BlurOut&#8221; btn_title=&#8221;+ de produits&#8221; btn_style=&#8221;gradient-custom&#8221; btn_gradient_custom_color_1=&#8221;#f7f7f7&#8243; btn_gradient_custom_color_2=&#8221;#cecece&#8221; btn_gradient_text_color=&#8221;#727272&#8243; btn_shape=&#8221;square&#8221; btn_size=&#8221;sm&#8221; btn_align=&#8221;center&#8221; grid_id=&#8221;vc_gid:1481577426216-77c75752-547f-5&#8243; filter_source=&#8221;product_cat&#8221;][\/vc_column][\/vc_row]<\/p>\n","protected":false},"excerpt":{"rendered":"<p>[vc_row][vc_column][vc_single_image image=&#8221;479&#8243; img_size=&#8221;full&#8221; alignment=&#8221;center&#8221;][\/vc_column][\/vc_row][vc_row][vc_column][vc_column_text] PharmaRoma Produits Dermatologiques Pr\u00e9vention, soins et traitement de votre peau sensible et d\u00e9licate Les produits de<\/p>\n","protected":false},"author":5,"featured_media":0,"parent":0,"menu_order":0,"comment_status":"closed","ping_status":"closed","template":"","meta":{"footnotes":""},"class_list":["post-501","page","type-page","status-publish","hentry"],"yoast_head":"<!-- This site is optimized with the Yoast SEO plugin v27.0 - https:\/\/yoast.com\/product\/yoast-seo-wordpress\/ -->\n<title>Homepage - PHARMA ROMA 2005<\/title>\n<meta name=\"robots\" content=\"index, follow, max-snippet:-1, max-image-preview:large, max-video-preview:-1\" \/>\n<link rel=\"canonical\" href=\"https:\/\/www.pharmaroma.it\/fr\/\" \/>\n<meta property=\"og:locale\" content=\"fr_FR\" \/>\n<meta property=\"og:type\" content=\"article\" \/>\n<meta property=\"og:title\" content=\"Homepage - PHARMA ROMA 2005\" \/>\n<meta property=\"og:description\" content=\"[vc_row][vc_column][vc_single_image image=&#8221;479&#8243; img_size=&#8221;full&#8221; alignment=&#8221;center&#8221;][\/vc_column][\/vc_row][vc_row][vc_column][vc_column_text] PharmaRoma Produits Dermatologiques Pr\u00e9vention, soins et traitement de votre peau sensible et d\u00e9licate Les produits de\" \/>\n<meta property=\"og:url\" content=\"https:\/\/www.pharmaroma.it\/fr\/\" \/>\n<meta property=\"og:site_name\" content=\"PHARMA ROMA 2005\" \/>\n<meta property=\"article:modified_time\" content=\"2016-12-12T21:17:44+00:00\" \/>\n<meta name=\"twitter:card\" content=\"summary_large_image\" \/>\n<meta name=\"twitter:label1\" content=\"Dur\u00e9e de lecture estim\u00e9e\" \/>\n\t<meta name=\"twitter:data1\" content=\"1 minute\" \/>\n<script type=\"application\/ld+json\" class=\"yoast-schema-graph\">{\"@context\":\"https:\/\/schema.org\",\"@graph\":[{\"@type\":\"WebPage\",\"@id\":\"https:\/\/www.pharmaroma.it\/fr\/\",\"url\":\"https:\/\/www.pharmaroma.it\/fr\/\",\"name\":\"Homepage - PHARMA ROMA 2005\",\"isPartOf\":{\"@id\":\"https:\/\/www.pharmaroma.it\/#website\"},\"datePublished\":\"2015-11-05T11:50:29+00:00\",\"dateModified\":\"2016-12-12T21:17:44+00:00\",\"breadcrumb\":{\"@id\":\"https:\/\/www.pharmaroma.it\/fr\/#breadcrumb\"},\"inLanguage\":\"fr-FR\",\"potentialAction\":[{\"@type\":\"ReadAction\",\"target\":[\"https:\/\/www.pharmaroma.it\/fr\/\"]}]},{\"@type\":\"BreadcrumbList\",\"@id\":\"https:\/\/www.pharmaroma.it\/fr\/#breadcrumb\",\"itemListElement\":[{\"@type\":\"ListItem\",\"position\":1,\"name\":\"Home\",\"item\":\"https:\/\/www.pharmaroma.it\/fr\/\"},{\"@type\":\"ListItem\",\"position\":2,\"name\":\"Homepage\"}]},{\"@type\":\"WebSite\",\"@id\":\"https:\/\/www.pharmaroma.it\/#website\",\"url\":\"https:\/\/www.pharmaroma.it\/\",\"name\":\"PHARMA ROMA 2005\",\"description\":\"Prodotti Dermatologici Roma\",\"potentialAction\":[{\"@type\":\"SearchAction\",\"target\":{\"@type\":\"EntryPoint\",\"urlTemplate\":\"https:\/\/www.pharmaroma.it\/?s={search_term_string}\"},\"query-input\":{\"@type\":\"PropertyValueSpecification\",\"valueRequired\":true,\"valueName\":\"search_term_string\"}}],\"inLanguage\":\"fr-FR\"}]}<\/script>\n<!-- \/ Yoast SEO plugin. -->","yoast_head_json":{"title":"Homepage - PHARMA ROMA 2005","robots":{"index":"index","follow":"follow","max-snippet":"max-snippet:-1","max-image-preview":"max-image-preview:large","max-video-preview":"max-video-preview:-1"},"canonical":"https:\/\/www.pharmaroma.it\/fr\/","og_locale":"fr_FR","og_type":"article","og_title":"Homepage - PHARMA ROMA 2005","og_description":"[vc_row][vc_column][vc_single_image image=&#8221;479&#8243; img_size=&#8221;full&#8221; alignment=&#8221;center&#8221;][\/vc_column][\/vc_row][vc_row][vc_column][vc_column_text] PharmaRoma Produits Dermatologiques Pr\u00e9vention, soins et traitement de votre peau sensible et d\u00e9licate Les produits de","og_url":"https:\/\/www.pharmaroma.it\/fr\/","og_site_name":"PHARMA ROMA 2005","article_modified_time":"2016-12-12T21:17:44+00:00","twitter_card":"summary_large_image","twitter_misc":{"Dur\u00e9e de lecture estim\u00e9e":"1 minute"},"schema":{"@context":"https:\/\/schema.org","@graph":[{"@type":"WebPage","@id":"https:\/\/www.pharmaroma.it\/fr\/","url":"https:\/\/www.pharmaroma.it\/fr\/","name":"Homepage - PHARMA ROMA 2005","isPartOf":{"@id":"https:\/\/www.pharmaroma.it\/#website"},"datePublished":"2015-11-05T11:50:29+00:00","dateModified":"2016-12-12T21:17:44+00:00","breadcrumb":{"@id":"https:\/\/www.pharmaroma.it\/fr\/#breadcrumb"},"inLanguage":"fr-FR","potentialAction":[{"@type":"ReadAction","target":["https:\/\/www.pharmaroma.it\/fr\/"]}]},{"@type":"BreadcrumbList","@id":"https:\/\/www.pharmaroma.it\/fr\/#breadcrumb","itemListElement":[{"@type":"ListItem","position":1,"name":"Home","item":"https:\/\/www.pharmaroma.it\/fr\/"},{"@type":"ListItem","position":2,"name":"Homepage"}]},{"@type":"WebSite","@id":"https:\/\/www.pharmaroma.it\/#website","url":"https:\/\/www.pharmaroma.it\/","name":"PHARMA ROMA 2005","description":"Prodotti Dermatologici Roma","potentialAction":[{"@type":"SearchAction","target":{"@type":"EntryPoint","urlTemplate":"https:\/\/www.pharmaroma.it\/?s={search_term_string}"},"query-input":{"@type":"PropertyValueSpecification","valueRequired":true,"valueName":"search_term_string"}}],"inLanguage":"fr-FR"}]}},"_links":{"self":[{"href":"https:\/\/www.pharmaroma.it\/fr\/wp-json\/wp\/v2\/pages\/501","targetHints":{"allow":["GET"]}}],"collection":[{"href":"https:\/\/www.pharmaroma.it\/fr\/wp-json\/wp\/v2\/pages"}],"about":[{"href":"https:\/\/www.pharmaroma.it\/fr\/wp-json\/wp\/v2\/types\/page"}],"author":[{"embeddable":true,"href":"https:\/\/www.pharmaroma.it\/fr\/wp-json\/wp\/v2\/users\/5"}],"replies":[{"embeddable":true,"href":"https:\/\/www.pharmaroma.it\/fr\/wp-json\/wp\/v2\/comments?post=501"}],"version-history":[{"count":4,"href":"https:\/\/www.pharmaroma.it\/fr\/wp-json\/wp\/v2\/pages\/501\/revisions"}],"predecessor-version":[{"id":617,"href":"https:\/\/www.pharmaroma.it\/fr\/wp-json\/wp\/v2\/pages\/501\/revisions\/617"}],"wp:attachment":[{"href":"https:\/\/www.pharmaroma.it\/fr\/wp-json\/wp\/v2\/media?parent=501"}],"curies":[{"name":"wp","href":"https:\/\/api.w.org\/{rel}","templated":true}]}}